{"id":883,"date":"2021-10-01T07:26:53","date_gmt":"2021-10-01T07:26:53","guid":{"rendered":"https:\/\/www.cosmer.com\/?page_id=883"},"modified":"2021-10-01T07:26:53","modified_gmt":"2021-10-01T07:26:53","slug":"enterprise-content-management","status":"publish","type":"page","link":"https:\/\/www.cosmer.com\/de\/enterprise-content-management\/","title":{"rendered":"Enterprise-Content-Management"},"content":{"rendered":"<div class=\"wp-block-image\"><figure class=\"alignleft size-large\"><img loading=\"lazy\" decoding=\"async\" width=\"334\" height=\"352\" src=\"https:\/\/www.cosmer.com\/wp-content\/uploads\/2021\/10\/Enterprise-Content-Managment.png\" alt=\"\" class=\"wp-image-884\" srcset=\"https:\/\/www.cosmer.com\/wp-content\/uploads\/2021\/10\/Enterprise-Content-Managment.png 334w, https:\/\/www.cosmer.com\/wp-content\/uploads\/2021\/10\/Enterprise-Content-Managment-285x300.png 285w, https:\/\/www.cosmer.com\/wp-content\/uploads\/2021\/10\/Enterprise-Content-Managment-11x12.png 11w, https:\/\/www.cosmer.com\/wp-content\/uploads\/2021\/10\/Enterprise-Content-Managment-230x242.png 230w\" sizes=\"(max-width: 334px) 100vw, 334px\" \/><\/figure><\/div>\n\n\n\n<p class=\"has-medium-font-size\"><strong>Enterprise content management:<\/strong><br>Softwarel\u00f6sungen machen es Organisationen leicht, umfangreiche Inhalte mit verschiedenartigen Informationen zu erstellen. Es existieren vielf\u00e4ltige M\u00f6glichkeiten, diese Informationen zu erfassen: Dokumente, E-Mail-Nachrichten, Arbeitsbl\u00e4tter, Diagramme, Pr\u00e4sentationen, Videos und Webseiten, um nur einige zu nennen.\nOhne eine geeignete Verwaltung dieser Inhalte ist es schwierig, ben\u00f6tigte Informationen zu finden \u00c4nderungen nachzuverfolgen. Unsere Enterprise Content Management (ECM)-L\u00f6sungen beinhalten die ben\u00f6tigten Tools, um Inhalte im gesamten Inhaltslebenszyklus, von der Erstellung bis zur Archivierung, zu organisieren und zu verwalten. Unsere L\u00f6sungen integrieren die vertrauten Tools des Microsoft Office-Systems mit Leistungsmerkmalen f\u00fcr die Verwaltung, Nachverfolgung und Archivierung von Dokumenten.<br>Ohne eine ordnungsgem\u00e4\u00dfe Verwaltung dieser Inhalte ist es schwierig, die ben\u00f6tigten Informationen zu finden und \u00c4nderungen zu verfolgen. Unsere Enterprise Content Management (ECM)-L\u00f6sungen umfassen die erforderlichen Tools zum Organisieren und Verwalten von Inhalten w\u00e4hrend des gesamten Inhaltslebenszyklus, von der Erstellung bis zur Archivierung. Unsere L\u00f6sungen integrieren die bekannten Tools des Microsoft Office Systems mit Funktionen zur Verwaltung, Verfolgung und Archivierung von Dokumenten.<\/p>\n\n\n\n<div style=\"height:30px\" aria-hidden=\"true\" class=\"wp-block-spacer hide_on_mobile\"><\/div>\n\n\n\n<p><\/p>\n\n\n\n<div class=\"wp-block-columns is-layout-flex wp-container-core-columns-is-layout-1 wp-block-columns-is-layout-flex\">\n<div class=\"wp-block-column is-layout-flow wp-block-column-is-layout-flow\">\n<p><strong>Dokumenten-Management<\/strong><br>Unsere ECM-L\u00f6sungen steigern die Produktivit\u00e4t Ihres Unternehmens und bieten folgende Funktionen zur Verwaltung von Dokumenten:<\/p>\n\n\n\n<ul><li>Zentralisierte Verwaltung unterschiedlicher Inhalte: Speichern von Inhalten unabh\u00e4ngig von ihrem Typ in einem zentralen Repository, um das Auffinden, Verwenden und Teilen von Informationen zu erleichtern.<\/li><li>Verwaltung von Dokumenteigenschaften (Metadaten): Durch die schnelle und teilautomatisierte Erfassung von Metadaten f\u00fcr Dokumente sind diese schneller auffindbar \u2013 Informationen zum Inhalt m\u00fcssen nicht mehr in langen Dateinamen verwaltet werden.<\/li><li>Globale Verwaltung von Metadaten: Wiederverwendbare Metadatens\u00e4tze erleichtern das Organisieren und Auffinden von Inhalten.<\/li><li>Eindeutige Identifizierung von Dokumenten: Dokument-IDs bieten eine eindeutige Kennung f\u00fcr jedes Objekt in der Inhaltssammlung.<\/li><li>Sparen Sie Zeit durch die Verwendung von Inhaltstypen: Inhaltstypen erm\u00f6glichen die Definition inhaltstypspezifischer strukturierter Informationen f\u00fcr einzelne Inhaltstypen wie Handb\u00fccher oder Dokumentationen.<\/li><li>Kontrollieren des Zugriffs auf Informationen: Klar definierte Berechtigungen bieten Ihnen eine Vielzahl von Tools, um den Zugriff auf Informationen auf jeder Ebene zu kontrollieren, von einem einzelnen Dokument bis hin zu einer ganzen Organisation.<\/li><li>Optimierung der Online-Zusammenarbeit: Integrierte Dokumenten-Workflows erm\u00f6glichen die direkte Erstellung, Nachverfolgung und Zusammenarbeit in dokumentenorientierten Prozessen direkt aus MS-Office-Programmen.<\/li><\/ul>\n\n\n\n<p><strong>Verwaltung digitaler Medien<\/strong><br>Unsere ECM-L\u00f6sungen erm\u00f6glichen die Wiedergabe und Verwaltung von digitalen Medieninhalten wie Video und Audio. Nachfolgend finden Sie einige wichtige Details zu diesen Funktionen:<\/p>\n\n\n\n<ul><li>Direkte Wiedergabe von Medieninhalten: Video- und Audiodateien k\u00f6nnen direkt aus den Dokumentarbeitsbereichen abgespielt werden.<\/li><li>Optimierte Medienbibliotheken verwenden: Die Medienobjektbibliotheken sind f\u00fcr Medieninhalte optimiert. Es stehen viele n\u00fctzliche Verwaltungsfunktionen zur Verf\u00fcgung, wie zum Beispiel: Metadaten, Inhaltstypen und eindeutige IDs. Dar\u00fcber hinaus bieten die Media-Asset-Bibliotheken Miniaturansichten f\u00fcr Bilder und Videos mit der integrierten M\u00f6glichkeit zur Vorschau von Videos.<\/li><\/ul>\n<\/div>\n\n\n\n<div class=\"wp-block-column is-layout-flow wp-block-column-is-layout-flow\">\n<p><strong>Revisionssichere Archivierung<\/strong><br>Archivierungsfunktionen erm\u00f6glichen es, Gesch\u00e4ftsdokumente im Endzustand zu speichern und vor nachtr\u00e4glichen \u00c4nderungen zu sch\u00fctzen. Organisationen k\u00f6nnen Informationsmanagementrichtlinien f\u00fcr Gesch\u00e4ftsunterlagen implementieren \u2013 dies kann sicherstellen, dass die Informationsverarbeitung den Unternehmensvorschriften oder Gesch\u00e4ftsrichtlinien entspricht.<\/p>\n\n\n\n<ul><li>Bessere Einhaltung von Gesetzen und Vorschriften: Richtlinien f\u00fcr die Speicherung, den Schutz und die \u00dcberwachung von Gesch\u00e4ftsaufzeichnungen k\u00f6nnen implementiert werden, um sicherzustellen, dass diese Aufzeichnungen ordnungsgem\u00e4\u00df aufbewahrt werden. Protokolle werden von internen und externen Pr\u00fcfern als Nachweis f\u00fcr die ordnungsgem\u00e4\u00dfe Aufbewahrung verwendet.<\/li><li>Bessere Einhaltung von Gesetzen und Vorschriften: Richtlinien f\u00fcr die Speicherung, den Schutz und die \u00dcberwachung von Gesch\u00e4ftsaufzeichnungen k\u00f6nnen implementiert werden, um sicherzustellen, dass diese Aufzeichnungen ordnungsgem\u00e4\u00df aufbewahrt werden. Protokolle werden von internen und externen Pr\u00fcfern als Nachweis f\u00fcr die ordnungsgem\u00e4\u00dfe Aufbewahrung verwendet.<\/li><li>Revisionssichere Archivierung: Ein sicheres Repository sorgt daf\u00fcr, dass Datens\u00e4tze in einem gesperrten, endg\u00fcltigen Zustand gespeichert werden.<\/li><\/ul>\n\n\n\n<p><strong>Verwaltung von Webinhalten<\/strong><br>Die Verwaltung von Webinhalten bietet folgende Funktionen:<\/p>\n\n\n\n<ul><li>Schnelle und einfache Erstellung und Ver\u00f6ffentlichung von Inhalten: Mit Hilfe bekannter Tools (z. B. MS Office) k\u00f6nnen Webinhalte schnell erstellt und ver\u00f6ffentlicht werden.<\/li><li>Einheitliches Erscheinungsbild von Websites: Es k\u00f6nnen genehmigte Masterseiten und Seitenlayouts erstellt werden, die es Inhaltsautoren erm\u00f6glichen, Branding und Navigation f\u00fcr eine Website einmalig festzulegen und wiederzuverwenden.<\/li><li>Reduzieren Sie die Kosten f\u00fcr die Website-Implementierung und -Verwaltung: Eine mehrschichtige Infrastruktur zum Ver\u00f6ffentlichen von Inhalten auf Intranet-, Extranet- und Internet-Websites kann implementiert werden.<\/li><\/ul>\n\n\n\n<p><\/p>\n<\/div>\n<\/div>\n\n\n\n<p><\/p>","protected":false},"excerpt":{"rendered":"<p>Enterprise Content Management: Softwarel\u00f6sungen machen es Organisationen leicht, umfangreiche Inhalte mit einer Vielzahl von Informationen zu erstellen. Es gibt viele M\u00f6glichkeiten, diese Informationen zu sammeln: Dokumente, E-Mail-Nachrichten, Arbeitsbl\u00e4tter, Diagramme, Pr\u00e4sentationen, Videos und Webseiten, um nur einige zu nennen. Ohne eine ordnungsgem\u00e4\u00dfe Verwaltung dieser Inhalte ist es schwierig, die ben\u00f6tigten Informationen zu finden und [\u2026 ]<\/p>","protected":false},"author":1,"featured_media":0,"parent":0,"menu_order":0,"comment_status":"closed","ping_status":"closed","template":"page-templates\/page_fullwidth.php","meta":{"inline_featured_image":false,"_monsterinsights_skip_tracking":false,"_monsterinsights_sitenote_active":false,"_monsterinsights_sitenote_note":"","_monsterinsights_sitenote_category":0,"footnotes":""},"_links":{"self":[{"href":"https:\/\/www.cosmer.com\/de\/wp-json\/wp\/v2\/pages\/883"}],"collection":[{"href":"https:\/\/www.cosmer.com\/de\/wp-json\/wp\/v2\/pages"}],"about":[{"href":"https:\/\/www.cosmer.com\/de\/wp-json\/wp\/v2\/types\/page"}],"author":[{"embeddable":true,"href":"https:\/\/www.cosmer.com\/de\/wp-json\/wp\/v2\/users\/1"}],"replies":[{"embeddable":true,"href":"https:\/\/www.cosmer.com\/de\/wp-json\/wp\/v2\/comments?post=883"}],"version-history":[{"count":4,"href":"https:\/\/www.cosmer.com\/de\/wp-json\/wp\/v2\/pages\/883\/revisions"}],"predecessor-version":[{"id":1193,"href":"https:\/\/www.cosmer.com\/de\/wp-json\/wp\/v2\/pages\/883\/revisions\/1193"}],"wp:attachment":[{"href":"https:\/\/www.cosmer.com\/de\/wp-json\/wp\/v2\/media?parent=883"}],"curies":[{"name":"wp","href":"https:\/\/api.w.org\/{rel}","templated":true}]}}