{"id":872,"date":"2021-09-30T18:26:36","date_gmt":"2021-09-30T18:26:36","guid":{"rendered":"https:\/\/www.cosmer.com\/?page_id=872"},"modified":"2021-09-30T18:26:36","modified_gmt":"2021-09-30T18:26:36","slug":"workflows","status":"publish","type":"page","link":"https:\/\/www.cosmer.com\/de\/workflows\/","title":{"rendered":"Arbeitsabl\u00e4ufe"},"content":{"rendered":"<div class=\"wp-block-image\"><figure class=\"alignleft size-large is-resized\"><img loading=\"lazy\" decoding=\"async\" src=\"https:\/\/www.cosmer.com\/wp-content\/uploads\/2021\/09\/workflow.svg\" alt=\"\" class=\"wp-image-801\" width=\"356\" height=\"280\"\/><\/figure><\/div>\n\n\n\n<p><strong>Workflows:<br><\/strong>Mit Hilfe von Power Automate Flows k\u00f6nnen Unternehmen unn\u00f6tige Interaktionen zwischen Personen bei der Ausf\u00fchrung von Gesch\u00e4ftsprozessen reduzieren und die Ausf\u00fchrung von Prozessschritten automatisieren. Beispielsweise f\u00fchren Gruppen, die eine Entscheidung treffen m\u00fcssen (z. B. in einem Genehmigungsprozess), in der Regel eine Reihe von Schritten durch. Dies k\u00f6nnen formelle Schritte, Standardarbeitsabl\u00e4ufe oder informelle Schritte im Sinne einer implizit verstandenen Arbeitsweise sein. Zusammen bilden diese Schritte einen Gesch\u00e4ftsprozess. Das Ausma\u00df der Interaktionen zwischen Personen in einem Gesch\u00e4ftsprozess kann die Geschwindigkeit und Qualit\u00e4t von Entscheidungen beeinflussen (z. B. durch Missverst\u00e4ndnisse und Informationsverlust).<br>Mit einer Software, die diesen \u201emenschlichen Workflow\u201c vereinfacht und verwaltet, k\u00f6nnen die Interaktionen zwischen den an einem Prozess beteiligten Gruppen automatisiert werden. Diese Automatisierung f\u00fchrt zu einer Beschleunigung der Interaktionen, einer Verbesserung ihrer generellen Effektivit\u00e4t und oft auch zu einer Reduzierung von Fehlern.<\/p>\n\n\n\n<div style=\"height:30px\" aria-hidden=\"true\" class=\"wp-block-spacer hide_on_mobile\"><\/div>\n\n\n\n<p><\/p>\n\n\n\n<div class=\"wp-block-columns is-layout-flex wp-container-core-columns-is-layout-1 wp-block-columns-is-layout-flex\">\n<div class=\"wp-block-column is-layout-flow wp-block-column-is-layout-flow\">\n<p><strong>Power Automate<\/strong><br>Mit Power Automate k\u00f6nnen alle im Tagesgesch\u00e4ft anfallenden Gesch\u00e4ftsprozesse unterst\u00fctzt werden \u2013 zum Beispiel kann ein Dokument \u00fcber einen Workflow zur Pr\u00fcfung weitergeleitet, ein Problem durch die verschiedenen Phasen der L\u00f6sung verfolgt werden oder ein Vertrag kann durch einen Genehmigungsprozess gef\u00fchrt werden. Die Definition eines Flows erfolgt ohne Code mit dem Power Automate Designer, mit dem Gesch\u00e4ftsprozesse beliebiger Komplexit\u00e4t modelliert werden k\u00f6nnen. Damit ein Gesch\u00e4ftsprozess effektiv ist, muss er mit den gewohnten Tools und Anwendungen, die t\u00e4glich an den Arbeitspl\u00e4tzen verwendet werden, integriert werden, damit er Teil des t\u00e4glichen Workflows der Prozessbeteiligten wird. Im elektronischen Arbeitsplatz umfasst dies die Integration mit E-Mail, Kalendern, Aufgabenlisten und Websites f\u00fcr die Zusammenarbeit.<\/p>\n<\/div>\n\n\n\n<div class=\"wp-block-column is-layout-flow wp-block-column-is-layout-flow\">\n<p><strong>G\u00e4ngige Gesch\u00e4ftsprozesse, die durch einen Power Automate-Flow unterst\u00fctzt werden k\u00f6nnen<\/strong><\/p>\n\n\n\n<ul><li>Vertragsgenehmigung: Weiterleitung eines Vertragsentwurfs an die Mitglieder einer Organisation, die den Vertrag genehmigen oder ablehnen m\u00fcssen.<\/li><li>Spesenabrechnungen: Verwalten Sie die Einreichung einer Spesenabrechnung und der dazugeh\u00f6rigen Belege, \u00fcberpr\u00fcfen Sie die Abrechnung, genehmigen Sie die Abrechnung und erstatten Sie dem Antragsteller die Ausgaben.<\/li><li>Technischer Support: Abwicklung von technischen Supportprozessen von der Kundenanfrage bis zur Untersuchung durch einen Supportmitarbeiter und Weiterleitung an Fachexperten zur L\u00f6sung und Dokumentation in einer Wissensdatenbank.<\/li><li>Personalplanung: Verwalten Sie den Einstellungsprozess f\u00fcr neue Mitarbeiter. Dazu geh\u00f6rt die Planung und Begleitung von Interviewterminen, die Dokumentation der Interviewergebnisse und deren Weiterleitung an die entsprechenden Entscheidungstr\u00e4ger zur Erleichterung der Einstellungsentscheidung.<\/li><li>Inhaltsver\u00f6ffentlichung: Verwalten Sie die Genehmigung f\u00fcr die Ver\u00f6ffentlichung von Inhalten auf der Internet-Website eines Unternehmens.<\/li><li>Urlaubsantrag: Genehmigung von Urlaubsantr\u00e4gen verwalten<\/li><li>Verbesserungsvorschlag: Verwalten Sie die Akzeptanz von Verbesserungsvorschl\u00e4gen<\/li><li>Materialbedarf: Verwalten Sie die Genehmigung von Materialbedarfen \u2013 mit Prozessvarianten je nach Kostenh\u00f6he. Bei kleineren Betr\u00e4gen kann beispielsweise ein 4-Augen-Prozess ausreichend sein, w\u00e4hrend bei gr\u00f6\u00dferen Betr\u00e4gen ein 6-Augen-Workflow zum Einsatz kommt.<\/li><\/ul>\n<\/div>\n<\/div>\n\n\n\n<div style=\"height:30px\" aria-hidden=\"true\" class=\"wp-block-spacer hide_on_mobile\"><\/div>\n\n\n\n<p><\/p>\n\n\n\n<div class=\"wp-block-image centered-image-with-caption\"><figure class=\"aligncenter size-large is-resized\"><img loading=\"lazy\" decoding=\"async\" src=\"https:\/\/www.cosmer.com\/wp-content\/uploads\/2021\/09\/unterstuetzen1.svg\" alt=\"\" class=\"wp-image-874\" width=\"119\" height=\"97\"\/><figcaption><strong>Was wir f\u00fcr Sie tun k\u00f6nnen<\/strong><\/figcaption><\/figure><\/div>\n\n\n\n<ul><li>Nutzen Sie unsere Flow-Vorlagen f\u00fcr Ihre eigenen Prozesse \u2013 sie k\u00f6nnen sofort verwendet oder als Grundlage f\u00fcr die Entwicklung eigener Flows verwendet werden. <\/li><li>Wir analysieren gemeinsam mit Ihnen Ihre Gesch\u00e4ftsprozesse und implementieren diese in Power Automate Flows.<\/li><li>Wir richten Ihr Microsoft 365 f\u00fcr die optimale Integration von Power Automate Flows ein.<\/li><\/ul>","protected":false},"excerpt":{"rendered":"<p>Workflows: Mit Hilfe von Power Automate Flows k\u00f6nnen Unternehmen unn\u00f6tige Interaktionen zwischen Personen bei der Ausf\u00fchrung von Gesch\u00e4ftsprozessen reduzieren und die Ausf\u00fchrung von Prozessschritten automatisieren. Beispielsweise f\u00fchren Gruppen, die zu einer Entscheidung kommen m\u00fcssen (z. B. in einem Genehmigungsprozess), normalerweise eine Reihe von Schritten durch. Dies k\u00f6nnen formale Schritte, Standardarbeitsschritte [\u2026]<\/p>","protected":false},"author":1,"featured_media":0,"parent":0,"menu_order":0,"comment_status":"closed","ping_status":"closed","template":"page-templates\/page_fullwidth.php","meta":{"inline_featured_image":false,"_monsterinsights_skip_tracking":false,"_monsterinsights_sitenote_active":false,"_monsterinsights_sitenote_note":"","_monsterinsights_sitenote_category":0,"footnotes":""},"_links":{"self":[{"href":"https:\/\/www.cosmer.com\/de\/wp-json\/wp\/v2\/pages\/872"}],"collection":[{"href":"https:\/\/www.cosmer.com\/de\/wp-json\/wp\/v2\/pages"}],"about":[{"href":"https:\/\/www.cosmer.com\/de\/wp-json\/wp\/v2\/types\/page"}],"author":[{"embeddable":true,"href":"https:\/\/www.cosmer.com\/de\/wp-json\/wp\/v2\/users\/1"}],"replies":[{"embeddable":true,"href":"https:\/\/www.cosmer.com\/de\/wp-json\/wp\/v2\/comments?post=872"}],"version-history":[{"count":4,"href":"https:\/\/www.cosmer.com\/de\/wp-json\/wp\/v2\/pages\/872\/revisions"}],"predecessor-version":[{"id":879,"href":"https:\/\/www.cosmer.com\/de\/wp-json\/wp\/v2\/pages\/872\/revisions\/879"}],"wp:attachment":[{"href":"https:\/\/www.cosmer.com\/de\/wp-json\/wp\/v2\/media?parent=872"}],"curies":[{"name":"wp","href":"https:\/\/api.w.org\/{rel}","templated":true}]}}