{"id":651,"date":"2021-09-23T19:15:19","date_gmt":"2021-09-23T19:15:19","guid":{"rendered":"https:\/\/www.cosmer.com\/?page_id=651"},"modified":"2025-07-17T09:24:25","modified_gmt":"2025-07-17T09:24:25","slug":"clients","status":"publish","type":"page","link":"https:\/\/www.cosmer.com\/de\/clients\/","title":{"rendered":"Kunden"},"content":{"rendered":"<ul style=\"display:none\">\n <li>Deutsche Telekom<\/li>\n <li>STRABAG<\/li>\n <li>KIND<\/li>\n <li>Vodafone<\/li>\n <li>Siekmann Econosto<\/li>\n <li>Volkswagen<\/li>\n <li>AllinaHealth<\/li>\n <li>KWS Saatgut<\/li>\n <li>Volvo<\/li>\n <li>Renault-Konzern<\/li>\n <li>Accenture<\/li>\n<\/ul>\n\n\n\n<p class=\"has-medium-font-size\"><strong>Einige unserer Kunden:<\/strong><\/p>\n\n\n\n<div style=\"height:30px\" aria-hidden=\"true\" class=\"wp-block-spacer hide_on_mobile\"><\/div>\n\n\n\n<p><\/p>\n\n\n\n<div class=\"wp-block-media-text alignwide is-stacked-on-mobile\" style=\"grid-template-columns:30% auto\"><figure class=\"wp-block-media-text__media\"><a href=\"https:\/\/www.telekom.com\" target=\"_blank\" rel=\"noopener\"><img loading=\"lazy\" decoding=\"async\" width=\"2341\" height=\"603\" src=\"https:\/\/www.cosmer.com\/wp-content\/uploads\/2024\/06\/Deutsche-Telekom.svg\" alt=\"Company name: Deutsche Telekom\" class=\"wp-image-1445 size-full\"\/><\/a><\/figure><div class=\"wp-block-media-text__content\">\n<p class=\"has-normal-font-size\"><em>Connecting your world<\/em><\/p>\n<\/div><\/div>\n\n\n\n<div style=\"height:30px\" aria-hidden=\"true\" class=\"wp-block-spacer hide_on_mobile\"><\/div>\n\n\n\n<p><\/p>\n\n\n\n<div style=\"height:30px\" aria-hidden=\"true\" class=\"wp-block-spacer hide_on_mobile\"><\/div>\n\n\n\n<p><\/p>\n\n\n\n<div class=\"wp-block-media-text alignwide is-stacked-on-mobile\" style=\"grid-template-columns:30% auto\"><figure class=\"wp-block-media-text__media\"><a href=\"https:\/\/www.strabag.com\" target=\"_blank\" rel=\"noopener\"><img loading=\"lazy\" decoding=\"async\" width=\"365\" height=\"60\" src=\"https:\/\/www.cosmer.com\/wp-content\/uploads\/2024\/06\/strabag-logo.svg\" alt=\"Company name: STRABAG\" class=\"wp-image-1444 size-full\"\/><\/a><\/figure><div class=\"wp-block-media-text__content\">\n<p class=\"has-normal-font-size\"><em>WORK ON PROGRESS<\/em><\/p>\n<\/div><\/div>\n\n\n\n<div style=\"height:30px\" aria-hidden=\"true\" class=\"wp-block-spacer hide_on_mobile\"><\/div>\n\n\n\n<p><\/p>\n\n\n\n<div style=\"height:30px\" aria-hidden=\"true\" class=\"wp-block-spacer hide_on_mobile\"><\/div>\n\n\n\n<p><\/p>\n\n\n\n<div class=\"wp-block-media-text alignwide is-stacked-on-mobile\" style=\"grid-template-columns:30% auto\"><figure class=\"wp-block-media-text__media\"><a href=\"https:\/\/www.kind.com\" target=\"_blank\" rel=\"noopener\"><img loading=\"lazy\" decoding=\"async\" width=\"1024\" height=\"257\" src=\"https:\/\/www.cosmer.com\/wp-content\/uploads\/2024\/06\/KIND-Logo-mit-Claim-transparent-1024x257.png\" alt=\"Company name: KIND\" class=\"wp-image-1446 size-full\" srcset=\"https:\/\/www.cosmer.com\/wp-content\/uploads\/2024\/06\/KIND-Logo-mit-Claim-transparent-1024x257.png 1024w, https:\/\/www.cosmer.com\/wp-content\/uploads\/2024\/06\/KIND-Logo-mit-Claim-transparent-300x75.png 300w, https:\/\/www.cosmer.com\/wp-content\/uploads\/2024\/06\/KIND-Logo-mit-Claim-transparent-768x193.png 768w, https:\/\/www.cosmer.com\/wp-content\/uploads\/2024\/06\/KIND-Logo-mit-Claim-transparent-1536x386.png 1536w, https:\/\/www.cosmer.com\/wp-content\/uploads\/2024\/06\/KIND-Logo-mit-Claim-transparent-2048x514.png 2048w, https:\/\/www.cosmer.com\/wp-content\/uploads\/2024\/06\/KIND-Logo-mit-Claim-transparent-18x5.png 18w, https:\/\/www.cosmer.com\/wp-content\/uploads\/2024\/06\/KIND-Logo-mit-Claim-transparent-830x208.png 830w, https:\/\/www.cosmer.com\/wp-content\/uploads\/2024\/06\/KIND-Logo-mit-Claim-transparent-230x58.png 230w, https:\/\/www.cosmer.com\/wp-content\/uploads\/2024\/06\/KIND-Logo-mit-Claim-transparent-350x88.png 350w, https:\/\/www.cosmer.com\/wp-content\/uploads\/2024\/06\/KIND-Logo-mit-Claim-transparent-480x121.png 480w\" sizes=\"(max-width: 1024px) 100vw, 1024px\" \/><\/a><\/figure><div class=\"wp-block-media-text__content\">\n<p class=\"has-normal-font-size\"><em>Das ganze Leben h\u00f6ren<\/em><\/p>\n<\/div><\/div>\n\n\n\n<div style=\"height:30px\" aria-hidden=\"true\" class=\"wp-block-spacer hide_on_mobile\"><\/div>\n\n\n\n<p><\/p>\n\n\n\n<div style=\"height:30px\" aria-hidden=\"true\" class=\"wp-block-spacer hide_on_mobile\"><\/div>\n\n\n\n<p><\/p>\n\n\n\n<div class=\"wp-block-media-text alignwide is-stacked-on-mobile\" style=\"grid-template-columns:30% auto\"><figure class=\"wp-block-media-text__media\"><a href=\"https:\/\/www.vodafone.com\" target=\"_blank\" rel=\"noopener\"><img loading=\"lazy\" decoding=\"async\" width=\"613\" height=\"162\" src=\"https:\/\/www.cosmer.com\/wp-content\/uploads\/2021\/09\/Vodafone_2017_logo.svg\" alt=\"Company name: Vodafone\" class=\"wp-image-652 size-full\"\/><\/a><\/figure><div class=\"wp-block-media-text__content\">\n<p class=\"has-normal-font-size\"><em>If we can connect, we can create a better future<\/em>.<\/p>\n<\/div><\/div>\n\n\n\n<div style=\"height:30px\" aria-hidden=\"true\" class=\"wp-block-spacer hide_on_mobile\"><\/div>\n\n\n\n<p><\/p>\n\n\n\n<div style=\"height:30px\" aria-hidden=\"true\" class=\"wp-block-spacer hide_on_mobile\"><\/div>\n\n\n\n<p><\/p>\n\n\n\n<div class=\"wp-block-media-text alignwide is-stacked-on-mobile\" style=\"grid-template-columns:30% auto\"><figure class=\"wp-block-media-text__media\"><a href=\"https:\/\/www.siekmann-econosto.de\/en\/\" target=\"_blank\" rel=\"noopener\"><img loading=\"lazy\" decoding=\"async\" width=\"275\" height=\"43\" src=\"https:\/\/www.cosmer.com\/wp-content\/uploads\/2021\/09\/Siekmann_gross.png\" alt=\"Company name: Siekmann Econosto\" class=\"wp-image-654 size-full\" srcset=\"https:\/\/www.cosmer.com\/wp-content\/uploads\/2021\/09\/Siekmann_gross.png 275w, https:\/\/www.cosmer.com\/wp-content\/uploads\/2021\/09\/Siekmann_gross-230x36.png 230w\" sizes=\"(max-width: 275px) 100vw, 275px\" \/><\/a><\/figure><div class=\"wp-block-media-text__content\">\n<p class=\"has-normal-font-size\"><em>We develop the future-oriented solutions that YOUR company needs.<\/em><\/p>\n<\/div><\/div>\n\n\n\n<div style=\"height:30px\" aria-hidden=\"true\" class=\"wp-block-spacer hide_on_mobile\"><\/div>\n\n\n\n<p><\/p>\n\n\n\n<div style=\"height:30px\" aria-hidden=\"true\" class=\"wp-block-spacer hide_on_mobile\"><\/div>\n\n\n\n<p><\/p>\n\n\n\n<div class=\"wp-block-media-text alignwide is-stacked-on-mobile\" style=\"grid-template-columns:30% auto\"><figure class=\"wp-block-media-text__media\"><a href=\"https:\/\/www.volkswagen-group.com\/en\/volkswagen-commercial-vehicles-15999\" target=\"_blank\" rel=\"noopener\"><img decoding=\"async\"  src=\"https:\/\/www.cosmer.com\/wp-content\/uploads\/2021\/09\/VWN.svg\" alt=\"\" class=\"wp-image-659 size-full\"\/><\/a><\/figure><div class=\"wp-block-media-text__content\">\n<p class=\"has-normal-font-size\"><em>Volkswagen Commercial Vehicles<\/em><\/p>\n<\/div><\/div>\n\n\n\n<div style=\"height:30px\" aria-hidden=\"true\" class=\"wp-block-spacer hide_on_mobile\"><\/div>\n\n\n\n<p><\/p>\n\n\n\n<div style=\"height:30px\" aria-hidden=\"true\" class=\"wp-block-spacer hide_on_mobile\"><\/div>\n\n\n\n<p><\/p>\n\n\n\n<div class=\"wp-block-media-text alignwide is-stacked-on-mobile\" style=\"grid-template-columns:30% auto\"><figure class=\"wp-block-media-text__media\"><a href=\"https:\/\/www.allinahealth.org\/\" target=\"_blank\" rel=\"noopener\"><img loading=\"lazy\" decoding=\"async\" width=\"199\" height=\"29\" src=\"https:\/\/www.cosmer.com\/wp-content\/uploads\/2021\/09\/allina-health-logo.svg\" alt=\"AllinaHealth\" class=\"wp-image-673 size-full\"\/><\/a><\/figure><div class=\"wp-block-media-text__content\">\n<p class=\"has-normal-font-size\"><em>Compassionate, connected care<\/em><\/p>\n<\/div><\/div>\n\n\n\n<div style=\"height:30px\" aria-hidden=\"true\" class=\"wp-block-spacer hide_on_mobile\"><\/div>\n\n\n\n<p><\/p>\n\n\n\n<div style=\"height:30px\" aria-hidden=\"true\" class=\"wp-block-spacer hide_on_mobile\"><\/div>\n\n\n\n<p><\/p>\n\n\n\n<div class=\"wp-block-media-text alignwide is-stacked-on-mobile\" style=\"grid-template-columns:30% auto\"><figure class=\"wp-block-media-text__media\"><a href=\"https:\/\/www.kws.com\/corp\/en\/\" target=\"_blank\" rel=\"noopener\"><img loading=\"lazy\" decoding=\"async\" width=\"29\" height=\"40\" src=\"https:\/\/www.cosmer.com\/wp-content\/uploads\/2021\/09\/logo_kws_noclaim-1.svg\" alt=\"KWS Saatgut\" class=\"wp-image-692 size-full\"\/><\/a><\/figure><div class=\"wp-block-media-text__content\">\n<p class=\"has-normal-font-size\"><em>Die Zukunft s\u00e4en<\/em><\/p>\n<\/div><\/div>\n\n\n\n<div style=\"height:30px\" aria-hidden=\"true\" class=\"wp-block-spacer hide_on_mobile\"><\/div>\n\n\n\n<p><\/p>\n\n\n\n<div style=\"height:30px\" aria-hidden=\"true\" class=\"wp-block-spacer hide_on_mobile\"><\/div>\n\n\n\n<p><\/p>\n\n\n\n<div class=\"wp-block-media-text alignwide is-stacked-on-mobile\" style=\"grid-template-columns:30% auto\"><figure class=\"wp-block-media-text__media\"><a href=\"https:\/\/www.volvo.com\/en\/\" target=\"_blank\" rel=\"noopener\"><img loading=\"lazy\" decoding=\"async\" width=\"800\" height=\"110\" src=\"https:\/\/www.cosmer.com\/wp-content\/uploads\/2021\/09\/Volvo_logo.svg\" alt=\"Volvo\" class=\"wp-image-677 size-full\"\/><\/a><\/figure><div class=\"wp-block-media-text__content\">\n<p class=\"has-normal-font-size\"><em>MADE FOR PEOPLE<br>BY PEOPLE<\/em><\/p>\n<\/div><\/div>\n\n\n\n<div style=\"height:30px\" aria-hidden=\"true\" class=\"wp-block-spacer hide_on_mobile\"><\/div>\n\n\n\n<p><\/p>\n\n\n\n<div style=\"height:30px\" aria-hidden=\"true\" class=\"wp-block-spacer hide_on_mobile\"><\/div>\n\n\n\n<p><\/p>\n\n\n\n<div class=\"wp-block-media-text alignwide is-stacked-on-mobile\" style=\"grid-template-columns:30% auto\"><figure class=\"wp-block-media-text__media\"><a href=\"https:\/\/www.renaultgroup.com\/\" target=\"_blank\" rel=\"noopener\"><img loading=\"lazy\" decoding=\"async\" width=\"100\" height=\"46\" src=\"https:\/\/www.cosmer.com\/wp-content\/uploads\/2021\/09\/logo-groupe-renault-new.svg\" alt=\"Renault Group\" class=\"wp-image-689 size-full\"\/><\/a><\/figure><div class=\"wp-block-media-text__content\">\n<p class=\"has-normal-font-size\"><em>Our spirit of innovation takes mobility further to bring people closer<\/em><\/p>\n<\/div><\/div>\n\n\n\n<div style=\"height:30px\" aria-hidden=\"true\" class=\"wp-block-spacer hide_on_mobile\"><\/div>\n\n\n\n<p><\/p>\n\n\n\n<div style=\"height:30px\" aria-hidden=\"true\" class=\"wp-block-spacer hide_on_mobile\"><\/div>\n\n\n\n<p><\/p>\n\n\n\n<div class=\"wp-block-media-text alignwide is-stacked-on-mobile\" style=\"grid-template-columns:30% auto\"><figure class=\"wp-block-media-text__media\"><a href=\"https:\/\/www.accenture.com\/us-en\" target=\"_blank\" rel=\"noopener\"><img decoding=\"async\"  src=\"https:\/\/www.cosmer.com\/wp-content\/uploads\/2021\/09\/Accenture.svg\" alt=\"Accenture\" class=\"wp-image-690 size-full\"\/><\/a><\/figure><div class=\"wp-block-media-text__content\">\n<p class=\"has-normal-font-size\"><em>Let there be change<\/em><\/p>\n<\/div><\/div>\n\n\n\n<p><\/p>","protected":false},"excerpt":{"rendered":"<p>Deutsche Telekom STRABAG KIND Vodafone Siekmann Econosto Volkswagen AllinaHealth KWS Saatgut Volvo Renault Group Accenture Zu unseren Kunden z\u00e4hlen: Connecting your world WORK ON PROGRESS Das ganze Leben h\u00f6ren Wenn wir vernetzen, schaffen wir eine bessere Zukunft. Wir entwickeln zukunftsweisende L\u00f6sungen, die IHR Unternehmen braucht. Volkswagen Nutzfahrzeuge Compassionate, connected care Seeding the [\u2026]<\/p>","protected":false},"author":1,"featured_media":0,"parent":0,"menu_order":0,"comment_status":"closed","ping_status":"closed","template":"page-templates\/page_fullwidth.php","meta":{"inline_featured_image":false,"_monsterinsights_skip_tracking":false,"_monsterinsights_sitenote_active":false,"_monsterinsights_sitenote_note":"","_monsterinsights_sitenote_category":0,"footnotes":""},"_links":{"self":[{"href":"https:\/\/www.cosmer.com\/de\/wp-json\/wp\/v2\/pages\/651"}],"collection":[{"href":"https:\/\/www.cosmer.com\/de\/wp-json\/wp\/v2\/pages"}],"about":[{"href":"https:\/\/www.cosmer.com\/de\/wp-json\/wp\/v2\/types\/page"}],"author":[{"embeddable":true,"href":"https:\/\/www.cosmer.com\/de\/wp-json\/wp\/v2\/users\/1"}],"replies":[{"embeddable":true,"href":"https:\/\/www.cosmer.com\/de\/wp-json\/wp\/v2\/comments?post=651"}],"version-history":[{"count":38,"href":"https:\/\/www.cosmer.com\/de\/wp-json\/wp\/v2\/pages\/651\/revisions"}],"predecessor-version":[{"id":1471,"href":"https:\/\/www.cosmer.com\/de\/wp-json\/wp\/v2\/pages\/651\/revisions\/1471"}],"wp:attachment":[{"href":"https:\/\/www.cosmer.com\/de\/wp-json\/wp\/v2\/media?parent=651"}],"curies":[{"name":"wp","href":"https:\/\/api.w.org\/{rel}","templated":true}]}}