{"id":538,"date":"2021-09-06T09:54:56","date_gmt":"2021-09-06T09:54:56","guid":{"rendered":"https:\/\/www.cosmer.com\/?page_id=538"},"modified":"2021-09-27T06:58:16","modified_gmt":"2021-09-27T06:58:16","slug":"confor","status":"publish","type":"page","link":"https:\/\/www.cosmer.com\/de\/confor\/","title":{"rendered":"CONFOR \u2013 Produktfindung, Konfiguration und Dimensionierung"},"content":{"rendered":"<div class=\"wp-block-media-text alignwide is-stacked-on-mobile is-vertically-aligned-center\" style=\"grid-template-columns:19% auto\"><figure class=\"wp-block-media-text__media\"><img loading=\"lazy\" decoding=\"async\" width=\"1448\" height=\"231\" src=\"https:\/\/www.cosmer.com\/wp-content\/uploads\/2021\/09\/LogoFinalOutllined.svg\" alt=\"\" class=\"wp-image-540 size-full\"\/><\/figure><div class=\"wp-block-media-text__content\">\n<p class=\"has-text-align-left has-medium-font-size\"><strong>CONFOR: Produktfindung, -konfiguration und -dimensionierung<\/strong><\/p>\n<\/div><\/div>\n\n\n\n<p>Unternehmen, die eine gro\u00dfe Produktvielfalt anbieten, ben\u00f6tigen intelligente L\u00f6sungen, die sie bei der Konfiguration der von ihren Kunden gew\u00fcnschten Produkte unterst\u00fctzen. Dies ist unabdingbar, um in vertretbarer Zeit herstellbare Produkte zu konfigurieren, ihren Preis zuverl\u00e4ssig zu ermitteln und die daraus resultierende St\u00fcckliste (BOM) an ERP- oder Warenwirtschaftssysteme zu \u00fcbermitteln. Aus standardisierten Komponenten m\u00fcssen ma\u00dfgeschneiderte Produkte erstellt werden. CONFOR unterst\u00fctzt Sie und Ihre Kunden direkt bei der Durchf\u00fchrung dieser Prozessschritte.<\/p>\n\n\n\n<div style=\"height:30px\" aria-hidden=\"true\" class=\"wp-block-spacer hide_on_mobile\"><\/div>\n\n\n\n<p><\/p>\n\n\n\n<div class=\"wp-block-image centered-image-with-caption\"><figure class=\"aligncenter size-full\"><img loading=\"lazy\" decoding=\"async\" width=\"48\" height=\"48\" src=\"https:\/\/www.cosmer.com\/wp-content\/uploads\/2021\/09\/advantages.svg\" alt=\"\" class=\"wp-image-544\"\/><figcaption><strong>Vorteile<\/strong><\/figcaption><\/figure><\/div>\n\n\n\n<p>Vor allem mit einem CONFOR-basierten Produktfindungs- und -konfigurationssystem f\u00fcr ihre Kunden schlagen Unternehmen mit einem breiten Produktsortiment zwei Fliegen mit einer Klappe \u2013 sie verbessern ihren Service und entlasten ihren Vertrieb. H\u00e4ufig auftretende Fehler bei der manuellen Konfiguration komplexer Produkte sind mit einem systembasierten Ansatz so gut wie ausgeschlossen \u2013 das Risiko von Fehllieferungen und die daraus resultierenden Mehrkosten und Terminverz\u00f6gerungen wird erheblich reduziert. Ihre Vorteile im Detail:<\/p>\n\n\n\n<ul><li>Es wird jeweils die kosteng\u00fcnstigste Konfiguration ermittelt, die den Anforderungen des Kunden entspricht.<\/li><li>Angebote, deren manuelle Erstellung Stunden oder Tage in Anspruch nimmt, k\u00f6nnen in wenigen Minuten inklusive aller druckf\u00e4higen Dokumente (auf Wunsch sogar von Ihrem Kunden selbst) erstellt werden.<\/li><li>Alle zur Auftragserf\u00fcllung notwendigen Daten werden bereits in der Angebotsphase ber\u00fccksichtigt. Bei Auftragserteilung sind keine weiteren Aktivit\u00e4ten erforderlich.<\/li><li>Aufgrund der genauen Berechnungsgrundlage sind keine \u201eRisikozuschl\u00e4ge\u201c bez\u00fcglich Termin und Preis erforderlich.<\/li><\/ul>\n\n\n\n<p>=&gt; Die Bestellwahrscheinlichkeit steigt.<\/p>\n\n\n\n<p>=&gt; Die Anzahl der Angebote, in einem bestimmten Zeitraum erstellt werden k\u00f6nnen, steigt .<\/p>\n\n\n\n<p>=&gt; Die Kalkulationssicherheit hinsichtlich Kosten und Terminen steigt.<\/p>\n\n\n\n<div style=\"height:30px\" aria-hidden=\"true\" class=\"wp-block-spacer hide_on_mobile\"><\/div>\n\n\n\n<p><\/p>\n\n\n\n<div class=\"wp-block-image centered-image-with-caption\"><figure class=\"aligncenter size-large is-resized\"><img loading=\"lazy\" decoding=\"async\" src=\"https:\/\/www.cosmer.com\/wp-content\/uploads\/2021\/09\/functionality.svg\" alt=\"\" class=\"wp-image-555\" width=\"67\" height=\"80\"\/><figcaption><strong>Wie funktioniert das?<\/strong><\/figcaption><\/figure><\/div>\n\n\n\n<p>Die Funktionalit\u00e4t des CONFOR-Systems \u00e4hnelt stark der von Fahrzeugkonfiguratoren bekannten \u2013 jedoch wird nahezu jedes komplexe Produkt unterst\u00fctzt. In den meisten Konfigurationsszenarien muss zu Beginn des Konfigurationsprozesses eine Auswahl des allgemeinen Produkttyps getroffen werden (vergleichbar mit dem Fahrzeugmodell in einem Fahrzeugkonfigurator). Danach m\u00fcssen grundlegende Parameter bereitgestellt werden, beispielsweise hinsichtlich der erforderlichen Leistung oder hinsichtlich der Gr\u00f6\u00dfenbeschr\u00e4nkungen. Im n\u00e4chsten Schritt wird der Benutzer mittels eines Assistenten durch die Asulegung der zum Produkt geh\u00f6renden Baugruppen gef\u00fchrt. CONFOR erstellt automatisch die dazugeh\u00f6rige St\u00fcckliste und ermittelt Kosten und Verkaufspreise. Die zugrundeliegende Produktlogik wird permanent \u00fcberpr\u00fcft, sodass keine Komponenten konfiguriert werden k\u00f6nnen, die nicht zueinander passen. Wenn die Konfiguration abgeschlossen ist, k\u00f6nnen zum Beispiel<\/p>\n\n\n\n<ul><li>Konfigurationsergebnisse in eine E-Commerce-L\u00f6sung \u00fcbertragen werden.<\/li><li>Angebote erstellt werden.<\/li><li>Bestellungen generiert werden.<\/li><li>Konfigurations-, Angebots- und Bestelldaten direkt an beliebige ERP- oder Warenwirtschaftssysteme \u00fcbergeben werden.<\/li><\/ul>\n\n\n\n<div style=\"height:30px\" aria-hidden=\"true\" class=\"wp-block-spacer hide_on_mobile\"><\/div>\n\n\n\n<p><\/p>\n\n\n\n<div class=\"wp-block-image centered-image-with-caption\"><figure class=\"aligncenter size-medium is-resized\"><img decoding=\"async\" src=\"https:\/\/www.cosmer.com\/wp-content\/uploads\/2021\/09\/download.svg\" alt=\"\" class=\"wp-image-582\" width=\"56\"\/><figcaption><strong>Downloads<\/strong><\/figcaption><\/figure><\/div>\n\n\n\n<div class=\"wp-block-file aligncenter\"><a href=\"https:\/\/www.cosmer.com\/wp-content\/uploads\/2021\/09\/KurzbeschreibungCONFOR_docid_confor_1051_rev5.0_202109_COSMER.pdf\" target=\"_blank\" rel=\"noreferrer noopener\">CONFOR-Kurzbeschreibung<\/a><\/div>\n\n\n\n<p><\/p>","protected":false},"excerpt":{"rendered":"<p>CONFOR: Produktfindung, Konfiguration und Dimensionierung Unternehmen, die eine gro\u00dfe Produktvielfalt anbieten, ben\u00f6tigen intelligente L\u00f6sungen, die sie bei der Konfiguration der von ihren Kunden gew\u00fcnschten Produkte unterst\u00fctzen. Dies ist unabdingbar, um in angemessener Zeit herstellbare Produkte zu konfigurieren, deren Preis zuverl\u00e4ssig zu ermitteln und die daraus resultierende St\u00fcckliste (BOM) an ERP zu \u00fcbermitteln oder [\u2026]<\/p>","protected":false},"author":1,"featured_media":0,"parent":0,"menu_order":0,"comment_status":"closed","ping_status":"closed","template":"page-templates\/page_fullwidth.php","meta":{"inline_featured_image":false,"_monsterinsights_skip_tracking":false,"_monsterinsights_sitenote_active":false,"_monsterinsights_sitenote_note":"","_monsterinsights_sitenote_category":0,"footnotes":""},"_links":{"self":[{"href":"https:\/\/www.cosmer.com\/de\/wp-json\/wp\/v2\/pages\/538"}],"collection":[{"href":"https:\/\/www.cosmer.com\/de\/wp-json\/wp\/v2\/pages"}],"about":[{"href":"https:\/\/www.cosmer.com\/de\/wp-json\/wp\/v2\/types\/page"}],"author":[{"embeddable":true,"href":"https:\/\/www.cosmer.com\/de\/wp-json\/wp\/v2\/users\/1"}],"replies":[{"embeddable":true,"href":"https:\/\/www.cosmer.com\/de\/wp-json\/wp\/v2\/comments?post=538"}],"version-history":[{"count":33,"href":"https:\/\/www.cosmer.com\/de\/wp-json\/wp\/v2\/pages\/538\/revisions"}],"predecessor-version":[{"id":1459,"href":"https:\/\/www.cosmer.com\/de\/wp-json\/wp\/v2\/pages\/538\/revisions\/1459"}],"wp:attachment":[{"href":"https:\/\/www.cosmer.com\/de\/wp-json\/wp\/v2\/media?parent=538"}],"curies":[{"name":"wp","href":"https:\/\/api.w.org\/{rel}","templated":true}]}}