{"id":508,"date":"2021-09-02T18:28:57","date_gmt":"2021-09-02T18:28:57","guid":{"rendered":"https:\/\/www.cosmer.com\/?page_id=508"},"modified":"2021-09-20T15:13:38","modified_gmt":"2021-09-20T15:13:38","slug":"valveselect","status":"publish","type":"page","link":"https:\/\/www.cosmer.com\/de\/valveselect\/","title":{"rendered":"ValveSelect \u2013 der Produktfinder f\u00fcr Ventile und Armaturen"},"content":{"rendered":"<div class=\"wp-block-media-text alignwide is-stacked-on-mobile\" style=\"grid-template-columns:19% auto\"><figure class=\"wp-block-media-text__media\"><img loading=\"lazy\" decoding=\"async\" width=\"1454\" height=\"315\" src=\"https:\/\/www.cosmer.com\/wp-content\/uploads\/2021\/09\/LogoFinalOutlined.svg\" alt=\"\" class=\"wp-image-535 size-thumbnail\"\/><\/figure><div class=\"wp-block-media-text__content\">\n<p class=\"has-medium-font-size\"><strong><em>ValveSelect <\/em>\u2013 der Produktfinder f\u00fcr Industriearmaturen<\/strong><\/p>\n<\/div><\/div>\n\n\n\n<p><em>ValveSelect<\/em> ist ein einfach einzuf\u00fchrender Produktfinder f\u00fcr die Armaturenindustrie, der sich mit jedem modernen Webbrowser verwenden l\u00e4sst. Aufgrund umfangreicher Anpassungsm\u00f6glichkeiten l\u00e4sst es sich leicht in Unternehmenswebsites integrieren.<\/p>\n\n\n\n<div class=\"wp-block-image\"><figure class=\"aligncenter size-large\"><img loading=\"lazy\" decoding=\"async\" width=\"750\" height=\"457\" src=\"https:\/\/www.cosmer.com\/wp-content\/uploads\/2021\/09\/MainNotebook-1.png\" alt=\"\" class=\"wp-image-529\" srcset=\"https:\/\/www.cosmer.com\/wp-content\/uploads\/2021\/09\/MainNotebook-1.png 750w, https:\/\/www.cosmer.com\/wp-content\/uploads\/2021\/09\/MainNotebook-1-300x183.png 300w, https:\/\/www.cosmer.com\/wp-content\/uploads\/2021\/09\/MainNotebook-1-230x140.png 230w, https:\/\/www.cosmer.com\/wp-content\/uploads\/2021\/09\/MainNotebook-1-350x213.png 350w, https:\/\/www.cosmer.com\/wp-content\/uploads\/2021\/09\/MainNotebook-1-480x292.png 480w\" sizes=\"(max-width: 750px) 100vw, 750px\" \/><\/figure><\/div>\n\n\n\n<div class=\"wp-block-image\"><figure class=\"aligncenter size-large\"><img loading=\"lazy\" decoding=\"async\" width=\"423\" height=\"800\" src=\"https:\/\/www.cosmer.com\/wp-content\/uploads\/2021\/09\/MainIphone_portrait-2.png\" alt=\"\" class=\"wp-image-532\" srcset=\"https:\/\/www.cosmer.com\/wp-content\/uploads\/2021\/09\/MainIphone_portrait-2.png 423w, https:\/\/www.cosmer.com\/wp-content\/uploads\/2021\/09\/MainIphone_portrait-2-159x300.png 159w, https:\/\/www.cosmer.com\/wp-content\/uploads\/2021\/09\/MainIphone_portrait-2-230x435.png 230w, https:\/\/www.cosmer.com\/wp-content\/uploads\/2021\/09\/MainIphone_portrait-2-350x662.png 350w\" sizes=\"(max-width: 423px) 100vw, 423px\" \/><\/figure><\/div>\n\n\n\n<p>Das Daten-Onboarding ist schnell erledigt \u2013 laden Sie einfach Ihre Produktdaten mit dem MS Excel-basierten Produktimporter hoch oder nutzen Sie das Importer-API f\u00fcr anspruchsvollere Integrationsszenarien.<\/p>\n\n\n\n<p><em>ValveSelect<\/em> ist schnell \u2013 alle relevanten Produktinformationen werden vorab geladen und gecached, so dass Suchergebnisse unmittelbar ohne Verz\u00f6gerung ausgegeben werden.<\/p>\n\n\n\n<p>Des Weiteren beinhaltet <em>ValveSelect<\/em> ein Konfigurationsmodul. F\u00fcr die ausgew\u00e4hlten Produktfinder-Ergebnisse k\u00f6nnen zus\u00e4tzliche Optionen konfiguriert werden - der Produktpreis wird entsprechend berechnet. <\/p>\n\n\n\n<p><em>ValveSelect<\/em> basiert auf CONFOR, unserer L\u00f6sung zur Produktfindung, -konfiguration und -dimensionierung. CONFOR bietet umfangreiche Funktionalit\u00e4ten, um aus standardisierten Komponenten ma\u00dfgeschneiderte Produkte zu ermitteln und zu konfigurieren. F\u00fcr weitere Informationen besuchen Sie bitte unsere <a href=\"https:\/\/www.cosmer.com\/de\/confor\/\" data-type=\"page\" data-id=\"538\">CONFOR <\/a>Seiten.<\/p>\n\n\n\n<div style=\"height:30px\" aria-hidden=\"true\" class=\"wp-block-spacer hide_on_mobile\"><\/div>\n\n\n\n<p><\/p>\n\n\n\n<div class=\"wp-block-image centered-image-with-caption\"><figure class=\"aligncenter size-full\"><img loading=\"lazy\" decoding=\"async\" width=\"53\" height=\"53\" src=\"https:\/\/www.cosmer.com\/wp-content\/uploads\/2021\/09\/info.svg\" alt=\"\" class=\"wp-image-632\"\/><figcaption><strong>Mehr Infos<\/strong><\/figcaption><\/figure><\/div>\n\n\n\n<ul><li>Blog: <a href=\"https:\/\/blog.cosmer.com\/valveselect-onboarding-product-data-leveraging-the-excel-uploader-add-in\/\" data-type=\"URL\" target=\"_blank\" rel=\"noreferrer noopener\"><em>ValveSelect<\/em> \u2013 onboarding product data leveraging the Excel Uploader add-in<\/a><\/li><\/ul>","protected":false},"excerpt":{"rendered":"<p>ValveSelect \u2013 der Produktfinder f\u00fcr Ventile und Armaturen ValveSelect ist ein benutzerfreundlicher Produktfinder f\u00fcr die Armaturen- und Armaturenindustrie. Man kann es mit jedem modernen Webbrowser verwenden. Aufgrund seiner hohen Anpassbarkeit l\u00e4sst es sich leicht in Unternehmenswebsites integrieren. Das Onboarding Ihrer Daten ist nicht wirklich m\u00fchsam \u2013 laden Sie einfach [\u2026]<\/p>","protected":false},"author":1,"featured_media":0,"parent":0,"menu_order":0,"comment_status":"closed","ping_status":"closed","template":"page-templates\/page_fullwidth.php","meta":{"inline_featured_image":false,"_monsterinsights_skip_tracking":false,"_monsterinsights_sitenote_active":false,"_monsterinsights_sitenote_note":"","_monsterinsights_sitenote_category":0,"footnotes":""},"_links":{"self":[{"href":"https:\/\/www.cosmer.com\/de\/wp-json\/wp\/v2\/pages\/508"}],"collection":[{"href":"https:\/\/www.cosmer.com\/de\/wp-json\/wp\/v2\/pages"}],"about":[{"href":"https:\/\/www.cosmer.com\/de\/wp-json\/wp\/v2\/types\/page"}],"author":[{"embeddable":true,"href":"https:\/\/www.cosmer.com\/de\/wp-json\/wp\/v2\/users\/1"}],"replies":[{"embeddable":true,"href":"https:\/\/www.cosmer.com\/de\/wp-json\/wp\/v2\/comments?post=508"}],"version-history":[{"count":43,"href":"https:\/\/www.cosmer.com\/de\/wp-json\/wp\/v2\/pages\/508\/revisions"}],"predecessor-version":[{"id":640,"href":"https:\/\/www.cosmer.com\/de\/wp-json\/wp\/v2\/pages\/508\/revisions\/640"}],"wp:attachment":[{"href":"https:\/\/www.cosmer.com\/de\/wp-json\/wp\/v2\/media?parent=508"}],"curies":[{"name":"wp","href":"https:\/\/api.w.org\/{rel}","templated":true}]}}