{"id":45,"date":"2021-01-17T14:09:24","date_gmt":"2021-01-17T14:09:24","guid":{"rendered":"https:\/\/h157652.web211.dogado.net\/?page_id=45"},"modified":"2024-06-08T06:46:30","modified_gmt":"2024-06-08T06:46:30","slug":"frontpage","status":"publish","type":"page","link":"https:\/\/www.cosmer.com\/de\/","title":{"rendered":"Cloud-Komponenten, -L\u00f6sungen und -Services"},"content":{"rendered":"<h4 class=\"wp-block-heading\" id=\"intro\">Cloud-Komponenten, -L\u00f6sungen und -Services f\u00fcr:<\/h4>\n\n\n\n<ul>\n<li>K\u00fcnstliche Intelligenz<\/li>\n\n\n\n<li>Microsoft Copilot<\/li>\n\n\n\n<li>SharePoint Online<\/li>\n\n\n\n<li>Microsoft Teams<\/li>\n\n\n\n<li>Microsoft Power Platform<\/li>\n\n\n\n<li>Microsoft 365<\/li>\n\n\n\n<li>Microsoft Azure<\/li>\n<\/ul>\n\n\n\n<div style=\"height:30px\" aria-hidden=\"true\" class=\"wp-block-spacer hide_on_mobile\"><\/div>\n\n\n\n<p><\/p>\n\n\n\n<div class=\"wp-block-group alignwide has-white-background-color has-background\"><div class=\"wp-block-group__inner-container is-layout-flow wp-block-group-is-layout-flow\">\n<div class=\"wp-block-media-text alignwide is-stacked-on-mobile has-white-background-color has-background\" style=\"grid-template-columns:15% auto\"><figure class=\"wp-block-media-text__media\"><img decoding=\"async\" src=\"https:\/\/www.cosmer.com\/wp-content\/uploads\/2024\/06\/AI.svg\" alt=\"\" class=\"wp-image-1168 size-full\"\/><\/figure><div class=\"wp-block-media-text__content\">\n<p class=\"has-medium-font-size\">COSMER AI: Nutzen Sie die Leistungsf\u00e4higkeit der k\u00fcnstlichen Intelligenz f\u00fcr Ihr Unternehmen<\/p>\n<\/div><\/div>\n\n\n\n<div class=\"wp-block-buttons is-content-justification-right is-layout-flex wp-container-core-buttons-is-layout-1 wp-block-buttons-is-layout-flex\">\n<div class=\"wp-block-button cosmer-default-button is-style-fill\"><a class=\"wp-block-button__link has-white-color has-text-color has-background wp-element-button\" href=\"https:\/\/www.cosmer.com\/de\/cosmer-ai-leveraging-the-power-of-artificial-intelligence-for-your-organisation\/\" style=\"border-radius:7px;background-color:#910002\">mehr<\/a><\/div>\n<\/div>\n<\/div><\/div>\n\n\n\n<div style=\"height:30px\" aria-hidden=\"true\" class=\"wp-block-spacer hide_on_mobile\"><\/div>\n\n\n\n<p><\/p>\n\n\n\n<div class=\"wp-block-group alignwide has-white-background-color has-background\"><div class=\"wp-block-group__inner-container is-layout-flow wp-block-group-is-layout-flow\">\n<div class=\"wp-block-media-text alignwide is-stacked-on-mobile has-white-background-color has-background\" style=\"grid-template-columns:15% auto\"><figure class=\"wp-block-media-text__media\"><img loading=\"lazy\" decoding=\"async\" width=\"545\" height=\"303\" src=\"https:\/\/www.cosmer.com\/wp-content\/uploads\/2021\/10\/cosmer365Outlined.svg\" alt=\"\" class=\"wp-image-989 size-full\"\/><\/figure><div class=\"wp-block-media-text__content\">\n<p class=\"has-text-align-left has-medium-font-size\">COSMER 365: Vorgefertigte Gesch\u00e4ftsl\u00f6sungen, die die leistungsstarken Funktionen von \u201eOffice 365\u201c und \u201eMicrosoft 365\u201c nutzen<\/p>\n<\/div><\/div>\n\n\n\n<div class=\"wp-block-buttons is-content-justification-right is-layout-flex wp-container-core-buttons-is-layout-2 wp-block-buttons-is-layout-flex\">\n<div class=\"wp-block-button cosmer-default-button is-style-fill\"><a class=\"wp-block-button__link has-white-color has-text-color has-background wp-element-button\" href=\"https:\/\/www.cosmer.com\/de\/cosmer-365\/\" style=\"border-radius:7px;background-color:#910002\">mehr<\/a><\/div>\n<\/div>\n<\/div><\/div>\n\n\n\n<div style=\"height:30px\" aria-hidden=\"true\" class=\"wp-block-spacer hide_on_mobile\"><\/div>\n\n\n\n<p><\/p>\n\n\n\n<div class=\"wp-block-group alignwide has-white-background-color has-background\"><div class=\"wp-block-group__inner-container is-layout-flow wp-block-group-is-layout-flow\">\n<div class=\"wp-block-media-text alignwide is-stacked-on-mobile has-white-background-color has-background\" style=\"grid-template-columns:15% auto\"><figure class=\"wp-block-media-text__media\"><img loading=\"lazy\" decoding=\"async\" width=\"200\" height=\"185\" src=\"https:\/\/www.cosmer.de\/wp-content\/uploads\/2021\/01\/ListAggregator-3.png\" alt=\"\" class=\"wp-image-146 size-full\"\/><\/figure><div class=\"wp-block-media-text__content\">\n<p class=\"has-text-align-left has-medium-font-size\">SharePoint Online: Einfaches Aggregieren oder Kombinieren von Listen von Unter-Sites zu einer neuen Liste auf der Haupt-Site mit <em>ListAggregator<\/em><\/p>\n<\/div><\/div>\n\n\n\n<div class=\"wp-block-buttons is-content-justification-right is-layout-flex wp-container-core-buttons-is-layout-3 wp-block-buttons-is-layout-flex\">\n<div class=\"wp-block-button cosmer-default-button is-style-fill\"><a class=\"wp-block-button__link has-white-color has-text-color has-background wp-element-button\" href=\"https:\/\/www.cosmer.com\/de\/listaggregator\/\" style=\"border-radius:7px;background-color:#910002\">mehr<\/a><\/div>\n<\/div>\n<\/div><\/div>\n\n\n\n<div style=\"height:30px\" aria-hidden=\"true\" class=\"wp-block-spacer hide_on_mobile\"><\/div>\n\n\n\n<p><\/p>\n\n\n\n<div class=\"wp-block-group alignwide has-white-background-color has-background\"><div class=\"wp-block-group__inner-container is-layout-flow wp-block-group-is-layout-flow\">\n<div class=\"wp-block-media-text alignwide is-stacked-on-mobile has-white-background-color has-background\" style=\"grid-template-columns:15% auto\"><figure class=\"wp-block-media-text__media\"><img loading=\"lazy\" decoding=\"async\" width=\"200\" height=\"168\" src=\"https:\/\/www.cosmer.de\/wp-content\/uploads\/2021\/01\/SharePointProvisioning.png\" alt=\"\" class=\"wp-image-164 size-full\"\/><\/figure><div class=\"wp-block-media-text__content\">\n<p class=\"has-medium-font-size\"><em>Jezlin<\/em>: Die Kontrolle \u00fcber Provisioning und Lifecycle in SharePoint Online und Microsoft Teams behalten<\/p>\n<\/div><\/div>\n\n\n\n<div class=\"wp-block-buttons is-content-justification-right is-layout-flex wp-container-core-buttons-is-layout-4 wp-block-buttons-is-layout-flex\">\n<div class=\"wp-block-button cosmer-default-button is-style-fill\"><a class=\"wp-block-button__link has-white-color has-text-color has-background wp-element-button\" href=\"https:\/\/www.cosmer.com\/de\/jezlin\/\" style=\"border-radius:5px;background-color:#910002\">mehr<\/a><\/div>\n<\/div>\n<\/div><\/div>\n\n\n\n<div style=\"height:30px\" aria-hidden=\"true\" class=\"wp-block-spacer hide_on_mobile\"><\/div>\n\n\n\n<p><\/p>\n\n\n\n<div class=\"wp-block-group alignwide has-white-background-color has-background\"><div class=\"wp-block-group__inner-container is-layout-flow wp-block-group-is-layout-flow\">\n<div class=\"wp-block-media-text alignwide is-stacked-on-mobile has-white-background-color has-background\" style=\"grid-template-columns:15% auto\"><figure class=\"wp-block-media-text__media\"><img loading=\"lazy\" decoding=\"async\" width=\"200\" height=\"140\" src=\"https:\/\/www.cosmer.de\/wp-content\/uploads\/2021\/01\/SharePointUICustomizer.png\" alt=\"\" class=\"wp-image-162 size-full\"\/><\/figure><div class=\"wp-block-media-text__content\">\n<p class=\"has-medium-font-size\"><em>bribly<\/em> \u2013 der SharePoint-UI-Customizer: Modifizieren  Sie Ihre SharePoint Modern Experience-Benutzeroberfl\u00e4che nach eigenen W\u00fcnschen<\/p>\n<\/div><\/div>\n\n\n\n<div class=\"wp-block-buttons is-content-justification-right is-layout-flex wp-container-core-buttons-is-layout-5 wp-block-buttons-is-layout-flex\">\n<div class=\"wp-block-button cosmer-default-button is-style-fill\"><a class=\"wp-block-button__link has-white-color has-text-color has-background wp-element-button\" href=\"https:\/\/www.cosmer.com\/de\/bribly\/\" style=\"background-color:#910002\">mehr<\/a><\/div>\n<\/div>\n<\/div><\/div>\n\n\n\n<p><\/p>","protected":false},"excerpt":{"rendered":"<p>Cloud-Komponenten, -L\u00f6sungen und -Dienste f\u00fcr: COSMER AI: Nutzen Sie die Leistungsf\u00e4higkeit k\u00fcnstlicher Intelligenz f\u00fcr Ihr Unternehmen. COSMER 365: Vorgefertigte Gesch\u00e4ftsl\u00f6sungen, die die leistungsstarken Funktionen von \u201eOffice 365\u201c und \u201eMicrosoft 365\u201c nutzen. SharePoint Online: Mit ListAggregator k\u00f6nnen Sie Listen von Unterwebsites ganz einfach zu einer neuen Liste auf der Hauptseite zusammenfassen oder kombinieren. Jezlin: Steigen Sie ein in [\u2026]<\/p>","protected":false},"author":1,"featured_media":0,"parent":0,"menu_order":0,"comment_status":"closed","ping_status":"closed","template":"page-templates\/page_fullwidth.php","meta":{"inline_featured_image":false,"_monsterinsights_skip_tracking":false,"_monsterinsights_sitenote_active":false,"_monsterinsights_sitenote_note":"","_monsterinsights_sitenote_category":0,"footnotes":""},"_links":{"self":[{"href":"https:\/\/www.cosmer.com\/de\/wp-json\/wp\/v2\/pages\/45"}],"collection":[{"href":"https:\/\/www.cosmer.com\/de\/wp-json\/wp\/v2\/pages"}],"about":[{"href":"https:\/\/www.cosmer.com\/de\/wp-json\/wp\/v2\/types\/page"}],"author":[{"embeddable":true,"href":"https:\/\/www.cosmer.com\/de\/wp-json\/wp\/v2\/users\/1"}],"replies":[{"embeddable":true,"href":"https:\/\/www.cosmer.com\/de\/wp-json\/wp\/v2\/comments?post=45"}],"version-history":[{"count":83,"href":"https:\/\/www.cosmer.com\/de\/wp-json\/wp\/v2\/pages\/45\/revisions"}],"predecessor-version":[{"id":1232,"href":"https:\/\/www.cosmer.com\/de\/wp-json\/wp\/v2\/pages\/45\/revisions\/1232"}],"wp:attachment":[{"href":"https:\/\/www.cosmer.com\/de\/wp-json\/wp\/v2\/media?parent=45"}],"curies":[{"name":"wp","href":"https:\/\/api.w.org\/{rel}","templated":true}]}}