{"id":42,"date":"2021-01-17T13:32:24","date_gmt":"2021-01-17T13:32:24","guid":{"rendered":"https:\/\/h157652.web211.dogado.net\/?page_id=42"},"modified":"2021-09-09T10:37:56","modified_gmt":"2021-09-09T10:37:56","slug":"imprint","status":"publish","type":"page","link":"https:\/\/www.cosmer.com\/de\/imprint\/","title":{"rendered":"Impressum"},"content":{"rendered":"<h4 class=\"wp-block-heading\">Rechtliche Hinweise<\/h4>\n\n\n\n<p>Angaben gem\u00e4\u00df \u00a7 5 TMG<\/p>\n\n\n\n<div style=\"height:100px\" aria-hidden=\"true\" class=\"wp-block-spacer\"><\/div>\n\n\n\n<p>COSMER GmbH<br>Westfalendamm 98<br>44141 Dortmund<\/p>\n\n\n\n<p>Deutschland<\/p>\n\n\n\n<div style=\"height:100px\" aria-hidden=\"true\" class=\"wp-block-spacer\"><\/div>\n\n\n\n<h5 class=\"wp-block-heading\">Vertreten durch<\/h5>\n\n\n\n<p>Stefan Schulte<br><\/p>\n\n\n\n<div style=\"height:100px\" aria-hidden=\"true\" class=\"wp-block-spacer\"><\/div>\n\n\n\n<h5 class=\"wp-block-heading\">Kontaktinformationen<\/h5>\n\n\n\n<p>Telefon: +49 (0)231 586894145<br>E-Mail: <a href=\"\/de\/&\/#109;&#x61;&#105;&#x6c;t&#111;&#x3a;&#105;&#x6e;f&#x6f;&#64;&#99;&#x6f;&#115;&#x6d;e&#x72;&#x2e;&#99;&#x6f;m\">info@cosmer.com<\/a><br>Internetadresse: <a href=\"https:\/\/www.cosmer.com\/de\/\" data-type=\"URL\" data-id=\"www.cosmer.com\" target=\"_blank\" rel=\"noreferrer noopener\">www.cosmer.com<\/a><\/p>\n\n\n\n<div style=\"height:100px\" aria-hidden=\"true\" class=\"wp-block-spacer\"><\/div>\n\n\n\n<h5 class=\"wp-block-heading\">Registrierung<\/h5>\n\n\n\n<p>Eintrag in: Handelsregister<br>HRB 30094<br>Amtsgericht Dortmund<br><\/p>\n\n\n\n<div style=\"height:100px\" aria-hidden=\"true\" class=\"wp-block-spacer\"><\/div>\n\n\n\n<h5 class=\"wp-block-heading\">Umsatzsteuer-Identifikationsnr.<\/h5>\n\n\n\n<p>DE318950228<\/p>\n\n\n\n<div style=\"height:100px\" aria-hidden=\"true\" class=\"wp-block-spacer\"><\/div>\n\n\n\n<h5 class=\"wp-block-heading\">Haftungsausschluss<\/h5>\n\n\n\n<p><strong>Verantwortlichkeit f\u00fcr Inhalte:<\/strong><br>Die Inhalte unserer Seiten wurden mit gr\u00f6\u00dftm\u00f6glicher Sorgfalt erstellt. F\u00fcr die Richtigkeit, Vollst\u00e4ndigkeit und Aktualit\u00e4t der Inhalte k\u00f6nnen wir jedoch keine Gew\u00e4hr \u00fcbernehmen. F\u00fcr eigene Inhalte auf diesen Seiten sind wir gem\u00e4\u00df den gesetzlichen Bestimmungen au\u00dferdem verantwortlich. Bitte beachten Sie, dass wir in diesem Zusammenhang nicht verpflichtet sind, \u00fcbermittelte oder gespeicherte fremde Informationen zu \u00fcberwachen oder nach Umst\u00e4nden zu forschen, die auf eine rechtswidrige T\u00e4tigkeit hinweisen.<br>Hiervon unber\u00fchrt bleiben unsere Verpflichtungen zur Entfernung oder Sperrung der Nutzung von Informationen nach den allgemeinen Gesetzen nach \u00a7\u00a7 8 bis 10 TMG.<\/p>\n\n\n\n<p><strong>Haftung f\u00fcr Links:<\/strong><br>F\u00fcr die Inhalte externer Links (auf Webseiten Dritter) sind ausschlie\u00dflich die Betreiber der verlinkten Seiten verantwortlich. Zum Zeitpunkt der Verlinkung waren f\u00fcr uns keine Rechtsverst\u00f6\u00dfe ersichtlich. Bei Bekanntwerden von Rechtsverletzungen werden wir derartige Links umgehend entfernen.<\/p>\n\n\n\n<p><strong>Urheberrechte \u00a9:<\/strong><br>Unsere Webseiten und ihre Inhalte unterliegen dem deutschen Urheberrecht. Jede Form der Verwertung, Vervielf\u00e4ltigung oder Verarbeitung urheberrechtlich gesch\u00fctzter Werke auf unseren Webseiten bedarf, soweit nicht gesetzlich ausdr\u00fccklich erlaubt, der vorherigen Zustimmung des jeweiligen Rechteinhabers.<br>Einzelne Reproduktionen eines Werkes sind nur f\u00fcr den privaten Gebrauch gestattet.<br>Die Materialien dieser Seiten sind urheberrechtlich gesch\u00fctzt und jede nicht autorisierte Verwendung kann gegen Urheberrechtsgesetze versto\u00dfen.<\/p>\n\n\n\n<p><br><br><br><br><\/p>","protected":false},"excerpt":{"rendered":"<p>Legal Disclosure Information in accordance with Section 5 TMG COSMER GmbHWestfalendamm 9844141 Dortmund Germany Represented by Stefan Schulte Contact Information Telephone: +49 (0)231 586894145E-Mail: &#105;&#x6e;&#x66;&#111;&#x40;&#x63;&#111;&#x73;&#x6d;&#101;&#x72;&#x2e;&#99;&#x6f;&#x6d;Internet address: www.cosmer.com Register entry Entry in: HandelsregisterRegister Number: HRB 30094Register Court: Amtsgericht Dortmund Value-added tax identification no. DE318950228 Disclaimer Accountability for content:The contents of our pages have been created with [&hellip;]<\/p>","protected":false},"author":1,"featured_media":0,"parent":0,"menu_order":0,"comment_status":"closed","ping_status":"closed","template":"page-templates\/page_fullwidth.php","meta":{"inline_featured_image":false,"_monsterinsights_skip_tracking":false,"_monsterinsights_sitenote_active":false,"_monsterinsights_sitenote_note":"","_monsterinsights_sitenote_category":0,"footnotes":""},"_links":{"self":[{"href":"https:\/\/www.cosmer.com\/de\/wp-json\/wp\/v2\/pages\/42"}],"collection":[{"href":"https:\/\/www.cosmer.com\/de\/wp-json\/wp\/v2\/pages"}],"about":[{"href":"https:\/\/www.cosmer.com\/de\/wp-json\/wp\/v2\/types\/page"}],"author":[{"embeddable":true,"href":"https:\/\/www.cosmer.com\/de\/wp-json\/wp\/v2\/users\/1"}],"replies":[{"embeddable":true,"href":"https:\/\/www.cosmer.com\/de\/wp-json\/wp\/v2\/comments?post=42"}],"version-history":[{"count":19,"href":"https:\/\/www.cosmer.com\/de\/wp-json\/wp\/v2\/pages\/42\/revisions"}],"predecessor-version":[{"id":611,"href":"https:\/\/www.cosmer.com\/de\/wp-json\/wp\/v2\/pages\/42\/revisions\/611"}],"wp:attachment":[{"href":"https:\/\/www.cosmer.com\/de\/wp-json\/wp\/v2\/media?parent=42"}],"curies":[{"name":"wp","href":"https:\/\/api.w.org\/{rel}","templated":true}]}}