{"id":3,"date":"2021-01-16T18:12:18","date_gmt":"2021-01-16T18:12:18","guid":{"rendered":"https:\/\/h157652.web211.dogado.net\/?page_id=3"},"modified":"2025-06-24T05:25:09","modified_gmt":"2025-06-24T05:25:09","slug":"privacy-policy","status":"publish","type":"page","link":"https:\/\/www.cosmer.com\/de\/privacy-policy\/","title":{"rendered":"Datenschutzrichtlinie"},"content":{"rendered":"<h4 class=\"wp-block-heading\">Datenschutzrichtlinie<\/h4>\n\n\n\n<div style=\"height:30px\" aria-hidden=\"true\" class=\"wp-block-spacer hide_on_mobile\"><\/div>\n\n\n\n<p><\/p>\n\n\n\n<h5 class=\"wp-block-heading\">Wer wir sind<\/h5>\n\n\n\n<p>Unsere Website-Adresse lautet: <a href=\"https:\/\/www.cosmer.com\/de\/\">https:\/\/www.cosmer.com<\/a><\/p>\n\n\n\n<div style=\"height:30px\" aria-hidden=\"true\" class=\"wp-block-spacer hide_on_mobile\"><\/div>\n\n\n\n<p><\/p>\n\n\n\n<h5 class=\"wp-block-heading\">Welche personenbezogenen Daten wir erheben und warum wir sie erheben<\/h5>\n\n\n\n<h6 class=\"wp-block-heading\">Kommentare<\/h6>\n\n\n\n<p>Wenn Besucher Kommentare auf der Website hinterlassen, erfassen wir die im Kommentarformular angezeigten Daten sowie die IP-Adresse und die Zeichenfolge des Browser-Benutzeragenten des Besuchers, um die Spam-Erkennung zu unterst\u00fctzen.<\/p>\n\n\n\n<p>Eine anonymisierte Zeichenfolge, die aus Ihrer E-Mail-Adresse erstellt wurde (auch als Hash bezeichnet), kann dem Gravatar-Dienst zur Verf\u00fcgung gestellt werden, um zu sehen, ob Sie ihn verwenden. Die Datenschutzerkl\u00e4rung des Gravatar-Dienstes finden Sie hier: <a href=\"https:\/\/automattic.com\/privacy\/\" target=\"_blank\" rel=\"noreferrer noopener\">https:\/\/automattic.com\/privacy\/<\/a>. Nach Freigabe Ihres Kommentars ist Ihr Profilbild im Kontext Ihres Kommentars \u00f6ffentlich sichtbar.<\/p>\n\n\n\n<h6 class=\"wp-block-heading\">Kontaktformulare<\/h6>\n\n\n\n<p>Die \u00dcbermittlung von Kontaktformularen wird zu Kundendienstzwecken auf unseren Servern gespeichert, aber wir werden die \u00fcbermittelten Informationen nicht ohne Zustimmung f\u00fcr Marketingzwecke verwenden.<\/p>\n\n\n\n<h6 class=\"wp-block-heading\">Medien<\/h6>\n\n\n\n<p>Wenn Sie Bilder auf die Website hochladen, sollten Sie das Hochladen von Bildern mit eingebetteten Standortdaten (EXIF-GPS) vermeiden. Besucher der Website k\u00f6nnen beliebige Standortdaten aus Bildern auf der Website herunterladen und extrahieren.<\/p>\n\n\n\n<h6 class=\"wp-block-heading\">Cookies<\/h6>\n\n\n\n<p>Wenn Sie einen Kommentar auf unserer Website hinterlassen, k\u00f6nnen Sie sich daf\u00fcr entscheiden, Ihren Namen, Ihre E-Mail-Adresse und Ihre Website in Cookies zu speichern. Diese dienen Ihrer Bequemlichkeit, damit Sie Ihre Daten nicht erneut eingeben m\u00fcssen, wenn Sie einen weiteren Kommentar hinterlassen. Diese Cookies sind ein Jahr lang g\u00fcltig.<\/p>\n\n\n\n<p>Wenn Sie unsere Anmeldeseite besuchen, setzen wir ein tempor\u00e4res Cookie, um festzustellen, ob Ihr Browser Cookies akzeptiert. Dieses Cookie enth\u00e4lt keine personenbezogenen Daten und wird verworfen, wenn Sie Ihren Browser schlie\u00dfen.<\/p>\n\n\n\n<p>Wenn Sie sich anmelden, werden wir auch mehrere Cookies einrichten, um Ihre Anmeldeinformationen und Ihre Bildschirmanzeigeoptionen zu speichern. Anmelde-Cookies sind zwei Tage g\u00fcltig und Cookies f\u00fcr Bildschirmoptionen sind ein Jahr g\u00fcltig. Wenn Sie \u201eRemember Me\u201c ausw\u00e4hlen, bleibt Ihr Login zwei Wochen lang bestehen. Wenn Sie sich von Ihrem Konto abmelden, werden die Anmelde-Cookies entfernt.<\/p>\n\n\n\n<p>Wenn Sie einen Artikel bearbeiten oder ver\u00f6ffentlichen, wird ein zus\u00e4tzlicher Cookie in Ihrem Browser gespeichert. Dieses Cookie enth\u00e4lt keine personenbezogenen Daten und gibt lediglich die Beitrags-ID des gerade bearbeiteten Artikels an. Es verf\u00e4llt nach 1 Tag.<\/p>\n\n\n\n<h6 class=\"wp-block-heading\">Eingebettete Inhalte von anderen Websites<\/h6>\n\n\n\n<p>Artikel auf dieser Site k\u00f6nnen eingebettete Inhalte (z.B. Videos, Bilder, Artikel usw.) enthalten. Eingebettete Inhalte von anderen Websites verhalten sich genau so, als ob der Besucher die andere Website besucht h\u00e4tte.<\/p>\n\n\n\n<p>Diese Websites k\u00f6nnen Daten \u00fcber Sie sammeln, Cookies verwenden, zus\u00e4tzliches Tracking von Drittanbietern einbetten und Ihre Interaktion mit diesem eingebetteten Inhalt \u00fcberwachen, einschlie\u00dflich der Verfolgung Ihrer Interaktion mit dem eingebetteten Inhalt, wenn Sie ein Konto haben und auf dieser Website angemeldet sind.<\/p>\n\n\n\n<h6 class=\"wp-block-heading\">Google Analytics<\/h6>\n\n\n\n<p>F\u00fcr statistische Zwecke verwenden wir Google Analytics, einen Webanalysedienst der Google Inc. (\u201eGoogle\u201c). Es erm\u00f6glicht uns, Informationen \u00fcber die Aktivit\u00e4ten der Benutzer auf der Website zu sehen, einschlie\u00dflich, aber nicht beschr\u00e4nkt auf Seitenaufrufe, Quelle und auf unserer Website verbrachte Zeit. Diese Informationen werden anonymisiert und als Zahlen angezeigt, was bedeutet, dass sie nicht auf Einzelpersonen zur\u00fcckgef\u00fchrt werden k\u00f6nnen.<br>Die in diesem Abschnitt erw\u00e4hnten Daten werden ohne zeitliche Begrenzung verwendet und gespeichert, bis der Benutzer sich entscheidet, diese Plattform zu deaktivieren. Davon abgesehen k\u00f6nnen Benutzer die Verwendung von Google Analytics durch COSMER ablehnen, indem sie die <a href=\"https:\/\/tools.google.com\/dlpage\/gaoptout\">Deaktivierungsseite von Google Analytics besuchen<\/a>.<\/p>\n\n\n\n<h6 class=\"wp-block-heading\">Chat-Agent <em>CoChat<\/em><\/h6>\n\n\n\n<p>Der Chat-Agent <em>CoChat <\/em>generiert KI-gest\u00fctzte Antworten auf Nutzeranfragen auf Basis der auf der Website des Betreibers bereitgestellten Informationen. Alle erhobenen Daten werden DSGVO-konform ausschlie\u00dflich auf IT-Infrastrukturkomponenten verarbeitet, die in L\u00e4ndern der Europ\u00e4ischen Union betrieben werden. Bei der Nutzung des <em>CoChat <\/em>Agent werden Benutzeranfragen serverseitig anonymisiert und zusammen mit Datum und Uhrzeit f\u00fcr 30 Tage gespeichert. Die anonymisierten Daten dienen vor allem statistischen Zwecken und der Fehleranalyse zur Verbesserung des Antwortverhaltens. Clientseitig werden maximal die letzten 10 Interaktionen mit dem <em>CoChat <\/em>-Agent im lokalen Speicher des Browsers gespeichert, um Benutzern die sp\u00e4tere Fortsetzung unterbrochener Sitzungen zu erm\u00f6glichen. Diese Daten k\u00f6nnen vom Benutzer jederzeit durch Leeren des Browser-Cache gel\u00f6scht werden.<\/p>\n\n\n\n<div style=\"height:30px\" aria-hidden=\"true\" class=\"wp-block-spacer hide_on_mobile\"><\/div>\n\n\n\n<p><\/p>\n\n\n\n<h5 class=\"wp-block-heading\">Mit wem wir Ihre Daten teilen<\/h5>\n\n\n\n<p>Wenn Sie ein Zur\u00fccksetzen des Passworts anfordern, wird Ihre IP-Adresse in die Zur\u00fccksetzungs-E-Mail aufgenommen.<\/p>\n\n\n\n<div style=\"height:30px\" aria-hidden=\"true\" class=\"wp-block-spacer hide_on_mobile\"><\/div>\n\n\n\n<p><\/p>\n\n\n\n<h5 class=\"wp-block-heading\">Wie lange wir Ihre Daten aufbewahren<\/h5>\n\n\n\n<p>Wenn Sie einen Kommentar hinterlassen, werden der Kommentar und seine Metadaten auf unbestimmte Zeit gespeichert. Auf diese Weise k\u00f6nnen wir Folgekommentare automatisch erkennen und genehmigen, anstatt sie in einer Moderationswarteschlange festzuhalten.<\/p>\n\n\n\n<p>F\u00fcr Benutzer, die sich auf unserer Website registrieren (falls vorhanden), speichern wir au\u00dferdem die personenbezogenen Daten, die sie in ihrem Benutzerprofil angeben. Alle Benutzer k\u00f6nnen ihre pers\u00f6nlichen Daten jederzeit einsehen, bearbeiten oder l\u00f6schen (au\u00dfer sie k\u00f6nnen ihren Benutzernamen nicht \u00e4ndern). Website-Administratoren k\u00f6nnen diese Informationen auch anzeigen und bearbeiten.<\/p>\n\n\n\n<div style=\"height:30px\" aria-hidden=\"true\" class=\"wp-block-spacer hide_on_mobile\"><\/div>\n\n\n\n<p><\/p>\n\n\n\n<h5 class=\"wp-block-heading\">Welche Rechte haben Sie an Ihren Daten<\/h5>\n\n\n\n<p>Wenn Sie ein Konto auf dieser Website haben oder Kommentare hinterlassen haben, k\u00f6nnen Sie eine exportierte Datei der von uns \u00fcber Sie gespeicherten personenbezogenen Daten anfordern, einschlie\u00dflich aller Daten, die Sie uns zur Verf\u00fcgung gestellt haben. Sie k\u00f6nnen auch verlangen, dass wir alle personenbezogenen Daten, die wir \u00fcber Sie gespeichert haben, l\u00f6schen. Dies umfasst keine Daten, die wir aus administrativen, rechtlichen oder Sicherheitsgr\u00fcnden aufbewahren m\u00fcssen.<\/p>\n\n\n\n<div style=\"height:30px\" aria-hidden=\"true\" class=\"wp-block-spacer hide_on_mobile\"><\/div>\n\n\n\n<p><\/p>\n\n\n\n<h5 class=\"wp-block-heading\">Wohin wir Ihre Daten senden<\/h5>\n\n\n\n<p>Besucherkommentare k\u00f6nnen durch einen automatisierten Spam-Erkennungsdienst \u00fcberpr\u00fcft werden.<\/p>\n\n\n\n<div style=\"height:30px\" aria-hidden=\"true\" class=\"wp-block-spacer hide_on_mobile\"><\/div>\n\n\n\n<p><\/p>\n\n\n\n<h5 class=\"wp-block-heading\">Kontaktinformationen<\/h5>\n\n\n\n<p>E-Mail: <a href=\"\/de\/m&\/#97;&#x69;&#x6c;&#x74;o&#58;&#105;&#x6e;&#x66;o&#64;&#99;&#x6f;&#x73;me&#114;&#x2e;&#x63;&#x6f;m\" data-type=\"mailto\" data-id=\"m&#97;&#x69;&#x6c;t&#111;&#58;&#x69;&#x6e;f&#111;&#64;&#x63;&#x6f;s&#109;&#x65;&#x72;&#x2e;c&#111;&#x6d;\">info@cosmer.com<\/a><\/p>","protected":false},"excerpt":{"rendered":"<p>Datenschutz Wer wir sind Unsere Website-Adresse lautet: https:\/\/www.cosmer.com Welche personenbezogenen Daten wir sammeln und warum wir sie sammeln Kommentare Wenn Besucher Kommentare auf der Website hinterlassen, erfassen wir die im Kommentarformular angezeigten Daten sowie die die IP-Adresse des Besuchers und die Zeichenfolge des Browser-Benutzeragenten, um die Spam-Erkennung zu unterst\u00fctzen. Eine anonymisierte Zeichenfolge [\u2026]<\/p>","protected":false},"author":1,"featured_media":0,"parent":0,"menu_order":0,"comment_status":"closed","ping_status":"open","template":"page-templates\/page_fullwidth.php","meta":{"inline_featured_image":false,"_monsterinsights_skip_tracking":false,"_monsterinsights_sitenote_active":false,"_monsterinsights_sitenote_note":"","_monsterinsights_sitenote_category":0,"footnotes":""},"_links":{"self":[{"href":"https:\/\/www.cosmer.com\/de\/wp-json\/wp\/v2\/pages\/3"}],"collection":[{"href":"https:\/\/www.cosmer.com\/de\/wp-json\/wp\/v2\/pages"}],"about":[{"href":"https:\/\/www.cosmer.com\/de\/wp-json\/wp\/v2\/types\/page"}],"author":[{"embeddable":true,"href":"https:\/\/www.cosmer.com\/de\/wp-json\/wp\/v2\/users\/1"}],"replies":[{"embeddable":true,"href":"https:\/\/www.cosmer.com\/de\/wp-json\/wp\/v2\/comments?post=3"}],"version-history":[{"count":15,"href":"https:\/\/www.cosmer.com\/de\/wp-json\/wp\/v2\/pages\/3\/revisions"}],"predecessor-version":[{"id":1468,"href":"https:\/\/www.cosmer.com\/de\/wp-json\/wp\/v2\/pages\/3\/revisions\/1468"}],"wp:attachment":[{"href":"https:\/\/www.cosmer.com\/de\/wp-json\/wp\/v2\/media?parent=3"}],"curies":[{"name":"wp","href":"https:\/\/api.w.org\/{rel}","templated":true}]}}