{"id":295,"date":"2021-01-24T19:49:55","date_gmt":"2021-01-24T19:49:55","guid":{"rendered":"https:\/\/h157652.web211.dogado.net\/?page_id=295"},"modified":"2024-05-13T10:18:54","modified_gmt":"2024-05-13T10:18:54","slug":"bribly","status":"publish","type":"page","link":"https:\/\/www.cosmer.com\/de\/bribly\/","title":{"rendered":"brably \u2013 der SharePoint-UI-Anpasser: \u00c4ndern Sie Ihre SharePoint Modern Experience-Benutzeroberfl\u00e4che"},"content":{"rendered":"<div class=\"wp-block-media-text alignwide is-stacked-on-mobile\" style=\"grid-template-columns:15% auto\"><figure class=\"wp-block-media-text__media\"><img loading=\"lazy\" decoding=\"async\" width=\"200\" height=\"140\" src=\"https:\/\/www.cosmer.de\/wp-content\/uploads\/2021\/01\/SharePointUICustomizer.png\" alt=\"\" class=\"wp-image-162 size-full\"\/><\/figure><div class=\"wp-block-media-text__content\">\n<p class=\"has-medium-font-size\"><strong><em>bribly<\/em> \u2013 der SharePoint-UI-Customizer: Modifizieren  Sie Ihre SharePoint Modern Experience-Benutzeroberfl\u00e4che nach eigenen W\u00fcnschen<\/strong><\/p>\n<\/div><\/div>\n\n\n\n<div style=\"height:50px\" aria-hidden=\"true\" class=\"wp-block-spacer hide_on_mobile\"><\/div>\n\n\n\n<p>SharePoint Modern Experience ist eine moderne und responsive Benutzeroberfl\u00e4che f\u00fcr SharePoint mit vielen Verbesserungen im Vergleich zur klassischen Oberfl\u00e4che.<\/p>\n\n\n\n<p>Unternehmen ben\u00f6tigen h\u00e4ufig Anpassungen der SharePoint-Benutzeroberfl\u00e4che \u2013 beispielsweise m\u00f6chten sie Steuerelemente entfernen, die f\u00fcr ihren Anwendungsfall nicht ben\u00f6tigt werden.<\/p>\n\n\n\n<p>Ein typisches Beispiel ist das Ausblenden des Men\u00fcelements <em>Genehmigen\/Ablehnen<\/em>, da immer mehr Organisationen Power Automate-Genehmigungen anstelle des SharePoint-eigenen Genehmigungsprozesses verwenden, und dieser in der SharePoint-Oberfl\u00e4che ausgeblendet werden soll.<\/p>\n\n\n\n<p><em>bribly<\/em> erm\u00f6glicht Ihnen nicht nur das Ausblenden von UI-Elementen, sondern auch das Hinzuf\u00fcgen von Steuerelementen zu bestimmten Teilen einer Seite. Beispielsweise k\u00f6nnen Sie dem Listenelementmen\u00fc einen Men\u00fcpunkt hinzuf\u00fcgen, der einen Hyperlink enth\u00e4lt oder eine JavaScript-Funktion ausl\u00f6st.<\/p>\n\n\n\n<p class=\" translation-block\"><a href=\"https:\/\/www.cosmer.com\/de\/contact\/\" data-type=\"page\" data-id=\"230\" target=\"_self\">Kontaktieren Sie uns<\/a> gerne, wenn Sie an einer Demonstration von <em>bribly<\/em> interessiert sind,<\/p>","protected":false},"excerpt":{"rendered":"<p>brably \u2013 der SharePoint-UI-Anpasser: \u00c4ndern Sie Ihre SharePoint Modern Experience-Benutzeroberfl\u00e4che SharePoint Modern Experience ist eine moderne, reaktionsschnelle Benutzeroberfl\u00e4che f\u00fcr SharePoint und bietet viele Verbesserungen. Unternehmen haben oft das Bed\u00fcrfnis, die SharePoint-Benutzeroberfl\u00e4che zu \u00e4ndern \u2013 meistens m\u00f6chten sie Steuerelemente entfernen, die f\u00fcr ihre [\u2026]<\/p>","protected":false},"author":1,"featured_media":0,"parent":0,"menu_order":0,"comment_status":"closed","ping_status":"closed","template":"page-templates\/page_fullwidth.php","meta":{"inline_featured_image":false,"_monsterinsights_skip_tracking":false,"_monsterinsights_sitenote_active":false,"_monsterinsights_sitenote_note":"","_monsterinsights_sitenote_category":0,"footnotes":""},"_links":{"self":[{"href":"https:\/\/www.cosmer.com\/de\/wp-json\/wp\/v2\/pages\/295"}],"collection":[{"href":"https:\/\/www.cosmer.com\/de\/wp-json\/wp\/v2\/pages"}],"about":[{"href":"https:\/\/www.cosmer.com\/de\/wp-json\/wp\/v2\/types\/page"}],"author":[{"embeddable":true,"href":"https:\/\/www.cosmer.com\/de\/wp-json\/wp\/v2\/users\/1"}],"replies":[{"embeddable":true,"href":"https:\/\/www.cosmer.com\/de\/wp-json\/wp\/v2\/comments?post=295"}],"version-history":[{"count":18,"href":"https:\/\/www.cosmer.com\/de\/wp-json\/wp\/v2\/pages\/295\/revisions"}],"predecessor-version":[{"id":1139,"href":"https:\/\/www.cosmer.com\/de\/wp-json\/wp\/v2\/pages\/295\/revisions\/1139"}],"wp:attachment":[{"href":"https:\/\/www.cosmer.com\/de\/wp-json\/wp\/v2\/media?parent=295"}],"curies":[{"name":"wp","href":"https:\/\/api.w.org\/{rel}","templated":true}]}}