{"id":204,"date":"2021-01-22T19:55:55","date_gmt":"2021-01-22T19:55:55","guid":{"rendered":"https:\/\/h157652.web211.dogado.net\/?page_id=204"},"modified":"2021-09-20T15:35:10","modified_gmt":"2021-09-20T15:35:10","slug":"jezlin","status":"publish","type":"page","link":"https:\/\/www.cosmer.com\/de\/jezlin\/","title":{"rendered":"Jezlin: \u00dcbernehmen Sie die Kontrolle \u00fcber die Bereitstellung und den Lebenszyklus von SharePoint Online und Microsoft Teams"},"content":{"rendered":"<div class=\"wp-block-media-text alignwide is-stacked-on-mobile\" style=\"grid-template-columns:15% auto\"><figure class=\"wp-block-media-text__media\"><img loading=\"lazy\" decoding=\"async\" width=\"200\" height=\"168\" src=\"https:\/\/www.cosmer.de\/wp-content\/uploads\/2021\/01\/SharePointProvisioning.png\" alt=\"\" class=\"wp-image-164 size-full\"\/><\/figure><div class=\"wp-block-media-text__content\">\n<p class=\"has-medium-font-size\"><strong><em>Jezlin<\/em>: Die Kontrolle \u00fcber Provisioning und Lifecycle in SharePoint Online und Microsoft Teams behalten<\/strong><\/p>\n<\/div><\/div>\n\n\n\n<div style=\"height:50px\" aria-hidden=\"true\" class=\"wp-block-spacer hide_on_mobile\"><\/div>\n\n\n\n<p>Die Bereitstellung von SharePoint Online-Sites oder das Erstellen neuer Teams in Microsoft Teams ist f\u00fcr jeden Endbenutzer mit wenigen Klicks  m\u00f6glich \u2013 ein wertvolles Feature, das Endbenutzer unabh\u00e4ngiger von oft \u00fcberlasteten IT-Abteilungen macht und so die Agilit\u00e4t einer Organisation erh\u00f6ht.<\/p>\n\n\n\n<p>Diese Flexibilit\u00e4t bringt allerdings Nachteile mit sich:<\/p>\n\n\n\n<ul><li>Bei der Erstellung einer Site oder eines Teams k\u00f6nnen Benutzer nur aus einem kleinen Satz von Standardvorlagen w\u00e4hlen und m\u00fcssen das Ergebnis nach ihren Bed\u00fcrfnissen anpassen.<\/li><li>Der Lebenszyklus von Sites und Teams ist nicht leicht zu kontrollieren, so dass auf lange Sicht zahlreiche \"Leichen\" entstehen.<\/li><\/ul>\n\n\n\n<p><em>Jezlin<\/em> erm\u00f6glicht die Erstellung von Vorlagen basierend auf vorhandenen Sites, um eine konsistente Struktur f\u00fcr Ihre SharePoint-Websites und MS Teams gew\u00e4hrleisten. Sie k\u00f6nnen sogar nachtr\u00e4gliche Vorlagen\u00e4nderungen f\u00fcr bereits vorhandene Websites und Teams anwenden.<\/p>\n\n\n\n<p>Des Weiteren k\u00f6nnen Sie mit <em>Jezlin<\/em> den Lebenszyklus Ihrer Sites und Teams \u00fcberwachen und diese kontrolliert deaktivieren und l\u00f6schen.<\/p>\n\n\n\n<p><em>Jezlin<\/em> besteht aus drei Hauptanwendungen:<\/p>\n\n\n\n<p><em><strong>JezlinGo<\/strong><\/em><br>Webservice f\u00fcr die Bereitstellung der <a href=\"https:\/\/docs.microsoft.com\/en-us\/sharepoint\/dev\/solution-guidance\/introducing-the-pnp-provisioning-engine\" data-type=\"URL\" data-id=\"https:\/\/docs.microsoft.com\/en-us\/sharepoint\/dev\/solution-guidance\/introducing-the-pnp-provisioning-engine\" target=\"_blank\" rel=\"noreferrer noopener\">PnP provisioning engine<\/a>.<\/p>\n\n\n\n<p><em><strong>JezlinMonitor<\/strong><\/em><br>Webservice, der Lifecycle-Management-Funktionen f\u00fcr SharePoint- und MS Teams-Sites bereitstellt.<\/p>\n\n\n\n<p><em><strong>JezlinHallo<\/strong><\/em><br>Frontend f\u00fcr <em>JezlinGo <\/em>und <em>JezlinMonitor<\/em>.<\/p>\n\n\n\n<div style=\"height:30px\" aria-hidden=\"true\" class=\"wp-block-spacer hide_on_mobile\"><\/div>\n\n\n\n<p><\/p>\n\n\n\n<div class=\"wp-block-image centered-image-with-caption\"><figure class=\"aligncenter size-large\"><img loading=\"lazy\" decoding=\"async\" width=\"53\" height=\"53\" src=\"https:\/\/www.cosmer.com\/wp-content\/uploads\/2021\/09\/info.svg\" alt=\"\" class=\"wp-image-632\"\/><figcaption><strong>Mehr Infos<\/strong><\/figcaption><\/figure><\/div>\n\n\n\n<ul><li>Kostenlose Version <em>Jezlin light<\/em> - Blogbeitrag <a rel=\"noreferrer noopener\" href=\"https:\/\/blog.cosmer.com\/web-interface-for-the-pnp-provisioning-engine\/\" target=\"_blank\">Web interface for the SharePoint PnP Provisioning Engine<\/a>.<\/li><\/ul>\n\n\n\n<div style=\"height:30px\" aria-hidden=\"true\" class=\"wp-block-spacer hide_on_mobile\"><\/div>\n\n\n\n<p><\/p>\n\n\n\n<p>Interessant f\u00fcr Sie? Dann senden Sie uns doch einfach eine <a href=\"https:\/\/www.cosmer.com\/de\/contact\/\">E-Mail<\/a>.<\/p>","protected":false},"excerpt":{"rendered":"<p>Jezlin: \u00dcbernehmen Sie die Kontrolle \u00fcber die Bereitstellung und den Lebenszyklus von SharePoint Online und Microsoft Teams Die Bereitstellung von SharePoint Online-Sites oder das Erstellen neuer Teams in Microsoft Teams ist relativ einfach und f\u00fcr jeden Endbenutzer m\u00f6glich \u2013 eine wertvolle Funktion, die Endbenutzer unabh\u00e4ngiger von oft \u00fcberlasteten IT-Abteilungen macht und erh\u00f6ht so die Agilit\u00e4t des [\u2026]<\/p>","protected":false},"author":1,"featured_media":0,"parent":0,"menu_order":0,"comment_status":"closed","ping_status":"closed","template":"page-templates\/page_fullwidth.php","meta":{"inline_featured_image":false,"_monsterinsights_skip_tracking":false,"_monsterinsights_sitenote_active":false,"_monsterinsights_sitenote_note":"","_monsterinsights_sitenote_category":0,"footnotes":""},"_links":{"self":[{"href":"https:\/\/www.cosmer.com\/de\/wp-json\/wp\/v2\/pages\/204"}],"collection":[{"href":"https:\/\/www.cosmer.com\/de\/wp-json\/wp\/v2\/pages"}],"about":[{"href":"https:\/\/www.cosmer.com\/de\/wp-json\/wp\/v2\/types\/page"}],"author":[{"embeddable":true,"href":"https:\/\/www.cosmer.com\/de\/wp-json\/wp\/v2\/users\/1"}],"replies":[{"embeddable":true,"href":"https:\/\/www.cosmer.com\/de\/wp-json\/wp\/v2\/comments?post=204"}],"version-history":[{"count":35,"href":"https:\/\/www.cosmer.com\/de\/wp-json\/wp\/v2\/pages\/204\/revisions"}],"predecessor-version":[{"id":649,"href":"https:\/\/www.cosmer.com\/de\/wp-json\/wp\/v2\/pages\/204\/revisions\/649"}],"wp:attachment":[{"href":"https:\/\/www.cosmer.com\/de\/wp-json\/wp\/v2\/media?parent=204"}],"curies":[{"name":"wp","href":"https:\/\/api.w.org\/{rel}","templated":true}]}}