{"id":1167,"date":"2024-06-07T17:30:50","date_gmt":"2024-06-07T17:30:50","guid":{"rendered":"https:\/\/www.cosmer.com\/?page_id=1167"},"modified":"2026-02-02T14:59:53","modified_gmt":"2026-02-02T14:59:53","slug":"cosmer-ai-leveraging-the-power-of-artificial-intelligence-for-your-organisation","status":"publish","type":"page","link":"https:\/\/www.cosmer.com\/de\/cosmer-ai-leveraging-the-power-of-artificial-intelligence-for-your-organisation\/","title":{"rendered":"COSMER AI: Nutzen Sie die Leistungsf\u00e4higkeit der k\u00fcnstlichen Intelligenz f\u00fcr Ihr Unternehmen"},"content":{"rendered":"<div class=\"wp-block-media-text alignwide is-stacked-on-mobile\" style=\"grid-template-columns:15% auto\"><figure class=\"wp-block-media-text__media\"><img decoding=\"async\" src=\"https:\/\/www.cosmer.com\/wp-content\/uploads\/2024\/06\/AI.svg\" alt=\"\" class=\"wp-image-1168 size-full\"\/><\/figure><div class=\"wp-block-media-text__content\">\n<p class=\"has-medium-font-size\"><strong>COSMER AI<\/strong>: Nutzen Sie die Leistungsf\u00e4higkeit der k\u00fcnstlichen Intelligenz f\u00fcr Ihr Unternehmen<\/p>\n<\/div><\/div>\n\n\n\n<div style=\"height:50px\" aria-hidden=\"true\" class=\"wp-block-spacer hide_on_mobile\"><\/div>\n\n\n\n<p>K\u00fcnstliche Intelligenz (KI) kann Ihren Gesch\u00e4ftsbetrieb erheblich unterst\u00fctzen, indem sie Routineaufgaben automatisiert, gro\u00dfe Datenmengen analysiert und Informationen f\u00fcr fundierte Entscheidungen bereitstellt. So k\u00f6nnen beispielsweise KI-gest\u00fctzte Prozesse die Rechnungspr\u00fcfung vereinfachen oder KI-Tools Ihren Kunden dabei helfen, auf ihre Bed\u00fcrfnisse zugeschnittene Informationen abzurufen. Diese Funktionen zeigen das Potenzial von KI, verschiedene Aspekte des Gesch\u00e4ftsbetriebs zu optimieren und Innovation und Effizienz in Organisationen voranzutreiben.<\/p>\n\n\n\n<p>COSMER bietet Out-of-the-Box-L\u00f6sungen und Beratungsleistungen f\u00fcr Ihre KI-Projekte.<\/p>\n\n\n\n<div style=\"height:30px\" aria-hidden=\"true\" class=\"wp-block-spacer hide_on_mobile\"><\/div>\n\n\n\n<p><\/p>\n\n\n\n<div class=\"wp-block-group has-white-background-color has-background\"><div class=\"wp-block-group__inner-container is-layout-constrained wp-block-group-is-layout-constrained\">\n<figure class=\"wp-block-image is-resized product-icon-withcaption-right\"><img decoding=\"async\" src=\"https:\/\/www.cosmer.com\/wp-content\/uploads\/2024\/06\/CoChatIcon.svg\" alt=\"\" style=\"width:50px\"\/><figcaption class=\"wp-element-caption\"><strong><em>CoChat<\/em><\/strong><\/figcaption><p style=\"    margin-bottom: 0;    margin-left: 3rem;\">Der moderne KI-Chatbot f\u00fcr Ihre Unternehmens\u00adkommunikation<\/p><\/figure>\n\n\n\n<p>Sie k\u00f6nnen den Chatbot mit allen Unternehmensdaten verkn\u00fcpfen und ihn f\u00fcr verschiedene Anwendungsf\u00e4lle nutzen, z. B.:<\/p>\n\n\n\n<ul>\n<li>Kundenorientierter Chatbot auf Ihrer Unternehmenswebsite<\/li>\n\n\n\n<li>Interner Chatbot f\u00fcr den intelligenten Informationsabruf aus Ihrem internen  Unternehmens-Datenbestand<\/li>\n<\/ul>\n\n\n\n<div class=\"wp-block-buttons is-content-justification-right is-layout-flex wp-container-core-buttons-is-layout-1 wp-block-buttons-is-layout-flex\">\n<div class=\"wp-block-button cosmer-default-button is-style-fill\"><a class=\"wp-block-button__link has-white-color has-text-color has-background wp-element-button\" href=\"https:\/\/www.cosmer.com\/de\/cochat-ai-powered-full-featured-chatbot\/\" style=\"border-radius:7px;background-color:#910002\">mehr<\/a><\/div>\n<\/div>\n<\/div><\/div>\n\n\n\n<div style=\"height:30px\" aria-hidden=\"true\" class=\"wp-block-spacer hide_on_mobile\"><\/div>\n\n\n\n<p><\/p>\n\n\n\n<div class=\"wp-block-group has-white-background-color has-background\"><div class=\"wp-block-group__inner-container is-layout-constrained wp-block-group-is-layout-constrained\">\n<figure class=\"wp-block-image is-resized product-icon-withcaption-right\"><img decoding=\"async\" src=\"https:\/\/www.cosmer.com\/wp-content\/uploads\/2024\/06\/CoPlugIcon.svg\" alt=\"\" style=\"width:50px\"\/><figcaption class=\"wp-element-caption\"><strong><em>CoPlug<\/em><\/strong><\/figcaption><p style=\"    margin-bottom: 0;    margin-left: 3rem;\">Plugin-L\u00f6sung zur Bereitstellung Ihrer Unternehmens&shy;daten f\u00fcr Microsoft Copilot<\/p><\/figure>\n\n\n\n<p>Erweitert die Informationsbasis Ihres Microsoft Copilot auf jede denkbare Datenquelle, die Sie in Ihrer Organisation verwenden k\u00f6nnten. Verf\u00fcgbar f\u00fcr:<\/p>\n\n\n\n<ul>\n<li>Microsoft Copilot<\/li>\n\n\n\n<li>Microsoft 365 Copilot<\/li>\n<\/ul>\n\n\n\n<div class=\"wp-block-buttons is-content-justification-right is-layout-flex wp-container-core-buttons-is-layout-2 wp-block-buttons-is-layout-flex\">\n<div class=\"wp-block-button cosmer-default-button is-style-fill\"><a class=\"wp-block-button__link has-white-color has-text-color has-background wp-element-button\" href=\"https:\/\/www.cosmer.com\/de\/coplug-plugin-solution-for-serving-your-enterprise-data-to-microsoft-copilot\/\" style=\"border-radius:7px;background-color:#910002\">mehr<\/a><\/div>\n<\/div>\n<\/div><\/div>\n\n\n\n<div style=\"height:30px\" aria-hidden=\"true\" class=\"wp-block-spacer hide_on_mobile\"><\/div>\n\n\n\n<p><\/p>\n\n\n\n<div class=\"wp-block-group has-white-background-color has-background\"><div class=\"wp-block-group__inner-container is-layout-constrained wp-block-group-is-layout-constrained\">\n<figure class=\"wp-block-image is-resized product-icon-withcaption-right\"><img decoding=\"async\" src=\"https:\/\/www.cosmer.com\/wp-content\/uploads\/2024\/06\/CoSmartIcon.svg\" alt=\"\" style=\"width:50px\"\/><figcaption class=\"wp-element-caption\"><strong><em>CoSmart<\/em><\/strong><\/figcaption><p style=\"    margin-bottom: 0;    margin-left: 3rem;\">Intelligenter Abruf Ihres Organisations\u00adwissens durch Nutzung der Leistungs\u00adf\u00e4higkeit der hybriden Vektor- und semantischen Suche<\/p><\/figure>\n\n\n\n<p>Organisationswissen ist in der Regel \u00fcber mehrere Datenplattformen und -quellen verteilt. <em>CoSmart<\/em> sammelt alle Daten in einem konsolidierten Index, den Sie dann mit Suchwerkzeugen, Bots oder einer anderen Anwendung abfragen k\u00f6nnen.<\/p>\n\n\n\n<div class=\"wp-block-buttons is-content-justification-right is-layout-flex wp-container-core-buttons-is-layout-3 wp-block-buttons-is-layout-flex\">\n<div class=\"wp-block-button cosmer-default-button is-style-fill\"><a class=\"wp-block-button__link has-white-color has-text-color has-background wp-element-button\" href=\"https:\/\/www.cosmer.com\/de\/cosmart-smart-retrieval-of-your-organizational-knowledge-leveraging-the-power-of-hybrid-vector-and-semantic-search\/\" style=\"border-radius:7px;background-color:#910002\">mehr<\/a><\/div>\n<\/div>\n<\/div><\/div>\n\n\n\n<div style=\"height:30px\" aria-hidden=\"true\" class=\"wp-block-spacer hide_on_mobile\"><\/div>\n\n\n\n<p><\/p>\n\n\n\n<p>Interessant f\u00fcr Sie? Dann senden Sie uns doch einfach eine <a href=\"https:\/\/www.cosmer.com\/de\/contact\/\">E-Mail<\/a>.<\/p>","protected":false},"excerpt":{"rendered":"<p>COSMER AI: Die Leistungsf\u00e4higkeit k\u00fcnstlicher Intelligenz f\u00fcr Ihr Unternehmen nutzen K\u00fcnstliche Intelligenz (AI) kann Ihren Gesch\u00e4ftsbetrieb erheblich unterst\u00fctzen, indem sie Routineaufgaben automatisiert, gro\u00dfe Datenmengen analysiert und Informationen f\u00fcr fundierte Entscheidungen bereitstellt. So k\u00f6nnen beispielsweise AI-gest\u00fctzte Prozesse die Rechnungspr\u00fcfung vereinfachen oder AI-Tools Ihren Kunden helfen, auf ihre Bed\u00fcrfnisse zugeschnittene Informationen abzurufen.<\/p>","protected":false},"author":1,"featured_media":0,"parent":0,"menu_order":0,"comment_status":"closed","ping_status":"closed","template":"page-templates\/page_fullwidth.php","meta":{"inline_featured_image":false,"_monsterinsights_skip_tracking":false,"_monsterinsights_sitenote_active":false,"_monsterinsights_sitenote_note":"","_monsterinsights_sitenote_category":0,"footnotes":""},"_links":{"self":[{"href":"https:\/\/www.cosmer.com\/de\/wp-json\/wp\/v2\/pages\/1167"}],"collection":[{"href":"https:\/\/www.cosmer.com\/de\/wp-json\/wp\/v2\/pages"}],"about":[{"href":"https:\/\/www.cosmer.com\/de\/wp-json\/wp\/v2\/types\/page"}],"author":[{"embeddable":true,"href":"https:\/\/www.cosmer.com\/de\/wp-json\/wp\/v2\/users\/1"}],"replies":[{"embeddable":true,"href":"https:\/\/www.cosmer.com\/de\/wp-json\/wp\/v2\/comments?post=1167"}],"version-history":[{"count":39,"href":"https:\/\/www.cosmer.com\/de\/wp-json\/wp\/v2\/pages\/1167\/revisions"}],"predecessor-version":[{"id":1455,"href":"https:\/\/www.cosmer.com\/de\/wp-json\/wp\/v2\/pages\/1167\/revisions\/1455"}],"wp:attachment":[{"href":"https:\/\/www.cosmer.com\/de\/wp-json\/wp\/v2\/media?parent=1167"}],"curies":[{"name":"wp","href":"https:\/\/api.w.org\/{rel}","templated":true}]}}